{"id":2,"date":"2023-12-14T18:21:55","date_gmt":"2023-12-14T17:21:55","guid":{"rendered":"https:\/\/ksu.cz\/zavody\/patnactka\/?page_id=2"},"modified":"2026-01-18T18:55:31","modified_gmt":"2026-01-18T17:55:31","slug":"zkusebni-stranka","status":"publish","type":"page","link":"https:\/\/ksu.cz\/zavody\/patnactka\/","title":{"rendered":"Patn\u00e1ctka okolo Paprsku 2026"},"content":{"rendered":"\n<p>Aktuality<\/p>\n\n\n\n<pre class=\"wp-block-preformatted\"><br><strong>18.1.2025<\/strong> ... v\u00fdsledky po <strong><a href=\"https:\/\/ksu.cz\/zavody\/patnactka\/wp-content\/uploads\/sites\/4\/2026\/01\/vyslkat.pdf\" data-type=\"link\" data-id=\"https:\/\/ksu.cz\/zavody\/patnactka\/wp-content\/uploads\/sites\/4\/2026\/01\/vyslkat.pdf\" target=\"_blank\" rel=\"noreferrer noopener\">kategori\u00edch<\/a><\/strong> \/\/ <strong><a href=\"https:\/\/ksu.cz\/zavody\/patnactka\/wp-content\/uploads\/sites\/4\/2026\/01\/vyslcelk.pdf\" data-type=\"link\" data-id=\"https:\/\/ksu.cz\/zavody\/patnactka\/wp-content\/uploads\/sites\/4\/2026\/01\/vyslcelk.pdf\" target=\"_blank\" rel=\"noreferrer noopener\">absolutn\u00ed v\u00fdsledky<\/a><\/strong><br><strong>17.1.2025<\/strong> ... D\u011bkujeme v\u0161em z\u00e1vodn\u00edk\u016fm za \u00fa\u010dast a v\u011b\u0159\u00edme, \u017ee se V\u00e1m z\u00e1vody l\u00edbily. Velk\u00e9 pod\u011bkov\u00e1n\u00ed pat\u0159\u00ed tak\u00e9 hlavn\u00edmu partnerovi z\u00e1vodu, <a href=\"https:\/\/www.paprsek.cz\/\" data-type=\"link\" data-id=\"https:\/\/www.paprsek.cz\/\" target=\"_blank\" rel=\"noreferrer noopener\"><strong>Horsk\u00e9mu are\u00e1lu Paprsek<\/strong><\/a>, za skv\u011blou spolupr\u00e1ci a v\u00fdborn\u00e9 z\u00e1zem\u00ed.<br>Po\u010das\u00ed sice nebylo \u00fapln\u011b ide\u00e1ln\u00ed na focen\u00ed, ale pokud m\u00e1te ze z\u00e1vod\u016f vlastn\u00ed sn\u00edmky, budeme r\u00e1di, kdy\u017e n\u00e1m je za\u0161lete na patnactka(at)ksu.cz<br>R\u00e1di je zde a na soci\u00e1ln\u00edch s\u00edt\u00edch uve\u0159ejn\u00edme.<br>Tak zase za rok. Ve stop\u011b na Paprsku. \u26f7\ufe0f\ud83c\udfd4\ufe0f<br><strong>17.1.2025<\/strong> ... Zve\u0159ej\u0148ujeme <a href=\"https:\/\/ksu.cz\/zavody\/patnactka\/wp-content\/uploads\/sites\/4\/2026\/01\/Patnactka2026_vysledky.pdf\" data-type=\"link\" data-id=\"https:\/\/ksu.cz\/zavody\/patnactka\/wp-content\/uploads\/sites\/4\/2026\/01\/Patnactka2026_vysledky.pdf\" target=\"_blank\" rel=\"noreferrer noopener\"><strong>p\u0159edb\u011b\u017en\u00e9 v\u00fdsledky<\/strong><\/a> 38. ro\u010dn\u00edku Patn\u00e1ctky okolo Paprsku<br><strong>16.1.2025<\/strong> ... <strong><a href=\"https:\/\/ksu.cz\/zavody\/patnactka\/wp-content\/uploads\/sites\/4\/2026\/01\/MAPA-varianta2.pdf\" data-type=\"link\" data-id=\"https:\/\/ksu.cz\/zavody\/patnactka\/wp-content\/uploads\/sites\/4\/2026\/01\/MAPA-varianta2.pdf\">Mapa trasy z\u00e1vodu<\/a> <\/strong><br><strong>16.1.2025<\/strong> ... P\u0159esto\u017ee se V\u00ed\u0165a sna\u017eil stopy maxim\u00e1ln\u011b vyladit a n\u011bkde jsme nahazovali sn\u00edh st\u00e1le jsou m\u00edsta, kde je stopa hor\u0161\u00ed, sn\u011bhu je m\u00e9n\u011b a m\u00edsty leze hl\u00edna. Zva\u017ete proto, zda jet na \u201ejedni\u010dkov\u00fdch\u201c ly\u017e\u00edch.<br><strong>16.1.2025<\/strong> ... Pros\u00edme, parkujte ve Velk\u00e9m Vrbn\u011b na parkovi\u0161ti \u201eU L\u00edpy\u201c, nebo v lomu, viz. <a href=\"https:\/\/mapy.com\/s\/gecejejele\" data-type=\"link\" data-id=\"https:\/\/mapy.com\/s\/gecejejele\"><strong>mapy.cz<\/strong><\/a> a dbejte pokyn\u016f parkova\u010d\u016f. \u00da\u010dastn\u00edci z\u00e1vodu mohou zdarma vyu\u017e\u00edt lanovku pro cestu na shroma\u017edi\u0161t\u011b. J\u00edzdenky budou po\u0159adateli vyd\u00e1v\u00e1ny do 11:10 u vstupu na lanovku. Pozd\u011bji nebude mo\u017eno lanovky zdarma vyu\u017e\u00edt.<br><strong>16.1.2026<\/strong> ... Zve\u0159ejnili jsme <a href=\"https:\/\/ksu.cz\/zavody\/patnactka\/wp-content\/uploads\/sites\/4\/2026\/01\/Patnactka26_pokyny.pdf\" data-type=\"link\" data-id=\"https:\/\/ksu.cz\/zavody\/patnactka\/wp-content\/uploads\/sites\/4\/2026\/01\/Patnactka26_pokyny.pdf\"><strong>POKYNY K Z\u00c1VODU<\/strong><\/a><br><strong>15.1.2026<\/strong> ... On-line registrace je mo\u017en\u00e1 do p\u00e1tku do 20:00.<br>V sobotu bude mo\u017en\u00e9 se p\u0159ihl\u00e1sit p\u0159\u00edmo na m\u00edst\u011b p\u0159i prezenci z\u00e1vodn\u00edk\u016f, a to do 11:30 v objektu Restaurace Sklen\u00edk.<br><strong>6.1.2026<\/strong> ... V roce 2026 se pojede pouze z\u00e1vod klasickou technikou.<br><strong>1.1.2026<\/strong> ... Byla spu\u0161t\u011bna on-line <strong><a href=\"https:\/\/chlapak.cz\/paprsek15\/index.php?sekce=registrace\" data-type=\"link\" data-id=\"https:\/\/chlapak.cz\/paprsek15\/index.php?sekce=registrace\" target=\"_blank\" rel=\"noreferrer noopener\">REGISTRACE<\/a><\/strong> na z\u00e1vod<br><strong>1.12.2025<\/strong> ... 38. ro\u010dn\u00edk b\u011b\u017eka\u0159sk\u00e9ho z\u00e1vodu <strong>Patn\u00e1ctka okolo Paprsku<\/strong> se uskute\u010dn\u00ed v sobotu, <strong>17. ledna 2026<\/strong> (p\u0159i \u0161patn\u00fdch sn\u011bhov\u00fdch podm\u00ednk\u00e1ch bude n\u00e1hradn\u00ed term\u00edn 24. ledna)<\/pre>\n\n\n\n<p><em>38. ro\u010dn\u00edk Patn\u00e1ctky okolo Paprsku<\/em><\/p>\n\n\n\n<figure class=\"wp-block-image size-full\"><img loading=\"lazy\" decoding=\"async\" width=\"1600\" height=\"739\" src=\"https:\/\/ksu.cz\/zavody\/patnactka\/wp-content\/uploads\/sites\/4\/2026\/01\/WhatsApp-Image-2026-01-18-at-14.42.52.jpeg\" alt=\"\" class=\"wp-image-245\" srcset=\"https:\/\/ksu.cz\/zavody\/patnactka\/wp-content\/uploads\/sites\/4\/2026\/01\/WhatsApp-Image-2026-01-18-at-14.42.52.jpeg 1600w, https:\/\/ksu.cz\/zavody\/patnactka\/wp-content\/uploads\/sites\/4\/2026\/01\/WhatsApp-Image-2026-01-18-at-14.42.52-600x277.jpeg 600w, https:\/\/ksu.cz\/zavody\/patnactka\/wp-content\/uploads\/sites\/4\/2026\/01\/WhatsApp-Image-2026-01-18-at-14.42.52-768x355.jpeg 768w, https:\/\/ksu.cz\/zavody\/patnactka\/wp-content\/uploads\/sites\/4\/2026\/01\/WhatsApp-Image-2026-01-18-at-14.42.52-1536x709.jpeg 1536w\" sizes=\"auto, (max-width: 1600px) 100vw, 1600px\" \/><\/figure>\n\n\n\n<p><em>Paprsek 8.1. 2026<\/em><\/p>\n\n\n\n<figure class=\"wp-block-gallery has-nested-images columns-default is-cropped wp-block-gallery-1 is-layout-flex wp-block-gallery-is-layout-flex\">\n<figure class=\"wp-block-image size-large\"><img loading=\"lazy\" decoding=\"async\" width=\"809\" height=\"364\" data-id=\"194\" src=\"https:\/\/ksu.cz\/zavody\/patnactka\/wp-content\/uploads\/sites\/4\/2026\/01\/IMG_20260108_153906.jpg\" alt=\"\" class=\"wp-image-194\" srcset=\"https:\/\/ksu.cz\/zavody\/patnactka\/wp-content\/uploads\/sites\/4\/2026\/01\/IMG_20260108_153906.jpg 809w, https:\/\/ksu.cz\/zavody\/patnactka\/wp-content\/uploads\/sites\/4\/2026\/01\/IMG_20260108_153906-600x270.jpg 600w, https:\/\/ksu.cz\/zavody\/patnactka\/wp-content\/uploads\/sites\/4\/2026\/01\/IMG_20260108_153906-768x346.jpg 768w\" sizes=\"auto, (max-width: 809px) 100vw, 809px\" \/><\/figure>\n\n\n\n<figure class=\"wp-block-image size-large\"><img loading=\"lazy\" decoding=\"async\" width=\"809\" height=\"364\" data-id=\"193\" src=\"https:\/\/ksu.cz\/zavody\/patnactka\/wp-content\/uploads\/sites\/4\/2026\/01\/IMG_20260108_153702.jpg\" alt=\"\" class=\"wp-image-193\" srcset=\"https:\/\/ksu.cz\/zavody\/patnactka\/wp-content\/uploads\/sites\/4\/2026\/01\/IMG_20260108_153702.jpg 809w, https:\/\/ksu.cz\/zavody\/patnactka\/wp-content\/uploads\/sites\/4\/2026\/01\/IMG_20260108_153702-600x270.jpg 600w, https:\/\/ksu.cz\/zavody\/patnactka\/wp-content\/uploads\/sites\/4\/2026\/01\/IMG_20260108_153702-768x346.jpg 768w\" sizes=\"auto, (max-width: 809px) 100vw, 809px\" \/><\/figure>\n\n\n\n<figure class=\"wp-block-image size-large\"><img loading=\"lazy\" decoding=\"async\" width=\"809\" height=\"364\" data-id=\"192\" src=\"https:\/\/ksu.cz\/zavody\/patnactka\/wp-content\/uploads\/sites\/4\/2026\/01\/IMG_20260108_151957.jpg\" alt=\"\" class=\"wp-image-192\" srcset=\"https:\/\/ksu.cz\/zavody\/patnactka\/wp-content\/uploads\/sites\/4\/2026\/01\/IMG_20260108_151957.jpg 809w, https:\/\/ksu.cz\/zavody\/patnactka\/wp-content\/uploads\/sites\/4\/2026\/01\/IMG_20260108_151957-600x270.jpg 600w, https:\/\/ksu.cz\/zavody\/patnactka\/wp-content\/uploads\/sites\/4\/2026\/01\/IMG_20260108_151957-768x346.jpg 768w\" sizes=\"auto, (max-width: 809px) 100vw, 809px\" \/><\/figure>\n\n\n\n<figure class=\"wp-block-image size-large\"><img loading=\"lazy\" decoding=\"async\" width=\"809\" height=\"364\" data-id=\"191\" src=\"https:\/\/ksu.cz\/zavody\/patnactka\/wp-content\/uploads\/sites\/4\/2026\/01\/IMG_20260108_145548.jpg\" alt=\"\" class=\"wp-image-191\" srcset=\"https:\/\/ksu.cz\/zavody\/patnactka\/wp-content\/uploads\/sites\/4\/2026\/01\/IMG_20260108_145548.jpg 809w, https:\/\/ksu.cz\/zavody\/patnactka\/wp-content\/uploads\/sites\/4\/2026\/01\/IMG_20260108_145548-600x270.jpg 600w, https:\/\/ksu.cz\/zavody\/patnactka\/wp-content\/uploads\/sites\/4\/2026\/01\/IMG_20260108_145548-768x346.jpg 768w\" sizes=\"auto, (max-width: 809px) 100vw, 809px\" \/><\/figure>\n\n\n\n<figure class=\"wp-block-image size-large\"><img loading=\"lazy\" decoding=\"async\" width=\"809\" height=\"364\" data-id=\"190\" src=\"https:\/\/ksu.cz\/zavody\/patnactka\/wp-content\/uploads\/sites\/4\/2026\/01\/IMG_20260108_144650.jpg\" alt=\"\" class=\"wp-image-190\" srcset=\"https:\/\/ksu.cz\/zavody\/patnactka\/wp-content\/uploads\/sites\/4\/2026\/01\/IMG_20260108_144650.jpg 809w, https:\/\/ksu.cz\/zavody\/patnactka\/wp-content\/uploads\/sites\/4\/2026\/01\/IMG_20260108_144650-600x270.jpg 600w, https:\/\/ksu.cz\/zavody\/patnactka\/wp-content\/uploads\/sites\/4\/2026\/01\/IMG_20260108_144650-768x346.jpg 768w\" sizes=\"auto, (max-width: 809px) 100vw, 809px\" \/><\/figure>\n<\/figure>\n\n\n\n<p><\/p>\n\n\n\n<p class=\"has-text-align-center\"><em>Akce se kon\u00e1 na \u00fazem\u00ed, kter\u00e9 spravuje st\u00e1tn\u00ed podnik Lesy \u010cesk\u00e9 republiky. Jsou to i Va\u0161e lesy, chovejme se tady ohledupln\u011b.<\/em> <\/p>\n\n\n\n<figure class=\"wp-block-image aligncenter size-full is-resized\"><a href=\"https:\/\/lesycr.cz\/\"><img loading=\"lazy\" decoding=\"async\" width=\"200\" height=\"125\" src=\"https:\/\/ksu.cz\/zavody\/patnactka\/wp-content\/uploads\/sites\/4\/2024\/12\/lesy-cr-veticalni-200x125-1.jpg\" alt=\"\" class=\"wp-image-48\" style=\"width:107px;height:auto\"\/><\/a><\/figure>\n\n\n\n<p class=\"has-text-align-center\"><\/p>\n","protected":false},"excerpt":{"rendered":"<p>Aktuality 18.1.2025 &#8230; v\u00fdsledky po kategori\u00edch \/\/ absolutn\u00ed v\u00fdsledky17.1.2025 &#8230; D\u011bkujeme v\u0161em z\u00e1vodn\u00edk\u016fm za \u00fa\u010dast a v\u011b\u0159\u00edme, \u017ee se V\u00e1m z\u00e1vody l\u00edbily. Velk\u00e9 pod\u011bkov\u00e1n\u00ed pat\u0159\u00ed tak\u00e9 hlavn\u00edmu partnerovi z\u00e1vodu, Horsk\u00e9mu are\u00e1lu Paprsek, za skv\u011blou spolupr\u00e1ci a v\u00fdborn\u00e9 z\u00e1zem\u00ed.Po\u010das\u00ed sice nebylo \u00fapln\u011b ide\u00e1ln\u00ed na focen\u00ed, ale pokud m\u00e1te ze z\u00e1vod\u016f vlastn\u00ed sn\u00edmky, budeme r\u00e1di, kdy\u017e n\u00e1m [&hellip;]<\/p>\n","protected":false},"author":1,"featured_media":0,"parent":0,"menu_order":0,"comment_status":"closed","ping_status":"open","template":"","meta":{"zakra_page_container_layout":"customizer","zakra_page_sidebar_layout":"customizer","zakra_remove_content_margin":false,"zakra_sidebar":"customizer","zakra_transparent_header":"customizer","zakra_logo":0,"zakra_main_header_style":"default","zakra_menu_item_color":"","zakra_menu_item_hover_color":"","zakra_menu_item_active_color":"","zakra_menu_active_style":"","zakra_page_header":true,"footnotes":""},"class_list":["post-2","page","type-page","status-publish","hentry"],"_links":{"self":[{"href":"https:\/\/ksu.cz\/zavody\/patnactka\/wp-json\/wp\/v2\/pages\/2","targetHints":{"allow":["GET"]}}],"collection":[{"href":"https:\/\/ksu.cz\/zavody\/patnactka\/wp-json\/wp\/v2\/pages"}],"about":[{"href":"https:\/\/ksu.cz\/zavody\/patnactka\/wp-json\/wp\/v2\/types\/page"}],"author":[{"embeddable":true,"href":"https:\/\/ksu.cz\/zavody\/patnactka\/wp-json\/wp\/v2\/users\/1"}],"replies":[{"embeddable":true,"href":"https:\/\/ksu.cz\/zavody\/patnactka\/wp-json\/wp\/v2\/comments?post=2"}],"version-history":[{"count":34,"href":"https:\/\/ksu.cz\/zavody\/patnactka\/wp-json\/wp\/v2\/pages\/2\/revisions"}],"predecessor-version":[{"id":246,"href":"https:\/\/ksu.cz\/zavody\/patnactka\/wp-json\/wp\/v2\/pages\/2\/revisions\/246"}],"wp:attachment":[{"href":"https:\/\/ksu.cz\/zavody\/patnactka\/wp-json\/wp\/v2\/media?parent=2"}],"curies":[{"name":"wp","href":"https:\/\/api.w.org\/{rel}","templated":true}]}}