{"id":84,"date":"2024-05-26T09:00:24","date_gmt":"2024-05-26T07:00:24","guid":{"rendered":"https:\/\/ksu.cz\/zavody\/csm2024\/?page_id=84"},"modified":"2024-05-28T12:33:19","modified_gmt":"2024-05-28T10:33:19","slug":"tipy-na-vylety","status":"publish","type":"page","link":"https:\/\/ksu.cz\/zavody\/csm2024\/tipy-na-vylety\/","title":{"rendered":"Tipy na v\u00fdlety"},"content":{"rendered":"\n<h2 class=\"wp-block-heading\">Kam vyrazit po z\u00e1vod\u011b<\/h2>\n\n\n\n<p>P\u0159in\u00e1\u0161\u00edme V\u00e1m n\u011bkolik tip\u016f na zaj\u00edmav\u00e1 m\u00edsta a c\u00edle v\u00fdlet\u016f, a\u0165 u\u017e vyraz\u00edte p\u011b\u0161ky, autem nebo na kole.<\/p>\n\n\n\n<p>Kdo bude m\u00edt po sobotn\u00ed klasice dostatek sil, m\u016f\u017ee si ud\u011blat v\u00fdlet t\u0159eba na h\u0159eben Hrub\u00e9ho Jesen\u00edku. Z \u010cervenohorsk\u00e9ho sedla m\u016f\u017eete vyrazit na severn\u00ed \u010d\u00e1st h\u0159ebenu, p\u0159es V\u0159esovou stud\u00e1nku na Vozku, nebo na ji\u017en\u00ed \u010d\u00e1st h\u0159ebenu na Prad\u011bd. <\/p>\n\n\n\n<p>Rovnou ze shroma\u017edi\u0161\u0323t\u011b m\u016f\u017eete vyrazit na sever a po 4,5 km doj\u00edt a\u017e do 1237 mnm na <a href=\"https:\/\/www.turistika.cz\/mista\/cerna-stran-kazatelny\/detail\" data-type=\"link\" data-id=\"https:\/\/www.turistika.cz\/mista\/cerna-stran-kazatelny\/detail\">\u010cernou str\u00e1\u0148<\/a>, co\u017e je mohutn\u00e1 rozlo\u017eit\u00e1 hora, jej\u00ed\u017e mas\u00edv vypl\u0148uje v\u011bt\u0161inu severoz\u00e1padn\u00edho horizontu u obce Kouty nad Desnou. Nezvykle ploch\u00e9 vrcholov\u00e9 temeno dosahuje v\u00fd\u0161e 1237 m, nevede na n\u011bj \u017e\u00e1dn\u00e1 tur. zna\u010dka, a tak je pro p\u011b\u0161\u00edho turistu dostupn\u00e9 pouze s\u00edt\u00ed lesn\u00edch cest p\u011b\u0161ky nebo na kolech. <\/p>\n\n\n\n<p>Ti kdo budou vyhled\u00e1vat sp\u00ed\u0161e klidn\u011bj\u0161\u00ed program spojen\u00fd s regenerac\u00ed, mohou nav\u0161t\u00edvit <a href=\"https:\/\/mapy.cz\/s\/LprZ\">Term\u00e1ln\u00ed park <\/a> ve Velk\u00fdch Losin\u00e1ch, nebo se zajet pod\u00edvat na n\u00ed\u017ee uveden\u00e1 zaj\u00edmav\u00e1 m\u00edsta a pam\u00e1tky.<\/p>\n\n\n\n<div class=\"wp-block-columns is-layout-flex wp-container-core-columns-is-layout-28f84493 wp-block-columns-is-layout-flex\">\n<div class=\"wp-block-column is-layout-flow wp-block-column-is-layout-flow\">\n<figure class=\"wp-block-image alignfull size-full\"><img loading=\"lazy\" decoding=\"async\" width=\"276\" height=\"183\" src=\"https:\/\/ksu.cz\/zavody\/csm2024\/wp-content\/uploads\/sites\/3\/2024\/05\/image.png\" alt=\"\" class=\"wp-image-85\"\/><\/figure>\n\n\n\n<p><\/p>\n\n\n\n<h6 class=\"wp-block-heading has-text-align-center\"><strong>Z\u00e1mek a z\u00e1meck\u00fd park Velk\u00e9 Losiny<\/strong><\/h6>\n\n\n\n<p class=\"has-text-align-center\">M\u00edsto, kter\u00e9 proslulo nechvaln\u011b zn\u00e1m\u00fdmi \u010darod\u011bjnick\u00fdmi procesy, kter\u00e9 se zde odehr\u00e1valy v letech 1678\u20131696 a padlo jim za ob\u011b\u0165 56 osob.&nbsp;Kolem renezan\u010dn\u00edho z\u00e1mku se rozprost\u00edr\u00e1 rozlehl\u00fd francouzsk\u00fd park ze 17. stolet\u00ed. <\/p>\n\n\n\n<p class=\"has-text-align-left\"><a href=\"https:\/\/zamek-velkelosiny.cz\/cs\" data-type=\"link\" data-id=\"https:\/\/www.kudyznudy.cz\/aktuality\/svetovecesko-a-zamek-velke-losiny-renesance-vzacne\">WEBOV\u00c9 STR\u00c1NKY<\/a> \/\/ <a href=\"https:\/\/www.kudyznudy.cz\/aktuality\/svetovecesko-a-zamek-velke-losiny-renesance-vzacne\" data-type=\"link\" data-id=\"https:\/\/www.kudyznudy.cz\/aktuality\/svetovecesko-a-zamek-velke-losiny-renesance-vzacne\">\u010cL\u00c1NEK<\/a><\/p>\n<\/div>\n\n\n\n<div class=\"wp-block-column is-layout-flow wp-block-column-is-layout-flow\">\n<figure class=\"wp-block-image size-full\"><img loading=\"lazy\" decoding=\"async\" width=\"1360\" height=\"900\" src=\"https:\/\/ksu.cz\/zavody\/csm2024\/wp-content\/uploads\/sites\/3\/2024\/05\/image-1.png\" alt=\"\" class=\"wp-image-86\" srcset=\"https:\/\/ksu.cz\/zavody\/csm2024\/wp-content\/uploads\/sites\/3\/2024\/05\/image-1.png 1360w, https:\/\/ksu.cz\/zavody\/csm2024\/wp-content\/uploads\/sites\/3\/2024\/05\/image-1-300x199.png 300w, https:\/\/ksu.cz\/zavody\/csm2024\/wp-content\/uploads\/sites\/3\/2024\/05\/image-1-768x508.png 768w\" sizes=\"auto, (max-width: 1360px) 100vw, 1360px\" \/><\/figure>\n\n\n\n<p><\/p>\n\n\n\n<h6 class=\"wp-block-heading has-text-align-center\"><strong>Ru\u010dn\u00ed pap\u00edrna ve Velk\u00fdch Losin\u00e1ch<\/strong><\/h6>\n\n\n\n<p class=\"has-text-align-center\">P\u016fvodn\u011b \u017eerot\u00ednsk\u00e1 manufaktura na v\u00fdrobu pap\u00edru pracuje ve Velk\u00fdch Losin\u00e1ch nep\u0159etr\u017eit\u011b od konce 16. stolet\u00ed a\u017e do dne\u0161n\u00edch dn\u016f. Je jedinou z posledn\u00edch evropsk\u00fdch sv\u011bdk\u016f star\u00e9ho pap\u00edrensk\u00e9ho \u0159emesla, jedin\u00e1 sv\u00e9ho druhu v \u010cesk\u00e9 republice.<\/p>\n\n\n\n<p><a href=\"https:\/\/www.rpvl.cz\/cz\/\" data-type=\"link\" data-id=\"https:\/\/www.rpvl.cz\/cz\/\">WEBOV\u00c9 STR\u00c1NKY<\/a> \/\/ <a href=\"https:\/\/www.kudyznudy.cz\/aktivity\/rucni-papirna-velke-losiny-muzeum-papiru\" data-type=\"link\" data-id=\"https:\/\/www.kudyznudy.cz\/aktivity\/rucni-papirna-velke-losiny-muzeum-papiru\">\u010cL\u00c1NEK<\/a><\/p>\n<\/div>\n<\/div>\n\n\n\n<div class=\"wp-block-columns is-layout-flex wp-container-core-columns-is-layout-28f84493 wp-block-columns-is-layout-flex\">\n<div class=\"wp-block-column is-layout-flow wp-block-column-is-layout-flow\">\n<figure class=\"wp-block-image alignfull size-full\"><img loading=\"lazy\" decoding=\"async\" width=\"276\" height=\"183\" src=\"https:\/\/ksu.cz\/zavody\/csm2024\/wp-content\/uploads\/sites\/3\/2024\/05\/image-2.png\" alt=\"\" class=\"wp-image-87\"\/><\/figure>\n\n\n\n<p><\/p>\n\n\n\n<h6 class=\"wp-block-heading has-text-align-center\"><strong>P\u0159e\u010derp\u00e1vac\u00ed elektr\u00e1rna Dlouh\u00e9 str\u00e1n\u011b<\/strong><\/h6>\n\n\n\n<p class=\"has-text-align-center\">V roce 2005 se tato stavba za\u0159adila mezi 7 nejv\u011bt\u0161\u00edch div\u016f \u010cesk\u00e9 republiky, spolu s nejv\u00fdznamn\u011bj\u0161\u00edmi \u010desk\u00fdmi pam\u00e1tkami, jako jsou t\u0159eba hrad Karl\u0161tejn nebo z\u00e1mek Hlubok\u00e1. V samotn\u00e9m fin\u00e1le hlasovac\u00ed sout\u011b\u017ee se stala dokonce nejv\u011bt\u0161\u00edm divem \u010cesk\u00e9 republiky.<\/p>\n\n\n\n<p><a href=\"http:\/\/www.dlouhe-strane.cz\/\">WEBOV\u00c9 STR\u00c1NKY<\/a> \/\/ <a href=\"https:\/\/www.kudyznudy.cz\/aktivity\/precerpavaci-vodni-elektrarna-dlouhe-strane\" data-type=\"link\" data-id=\"https:\/\/www.kudyznudy.cz\/aktivity\/precerpavaci-vodni-elektrarna-dlouhe-strane\">\u010cL\u00c1NEK<\/a><\/p>\n<\/div>\n\n\n\n<div class=\"wp-block-column is-layout-flow wp-block-column-is-layout-flow\">\n<figure class=\"wp-block-image size-large\"><img decoding=\"async\" src=\"https:\/\/cdn.kudyznudy.cz\/files\/e8\/e8a0049a-7d4c-467b-8ae6-5921ec5949e8.webp?v=20230921222440\" alt=\"\"\/><\/figure>\n\n\n\n<p><\/p>\n\n\n\n<h6 class=\"wp-block-heading has-text-align-center\"><strong>Z\u00e1meck\u00fd park v Lou\u010dn\u00e9 nad Desnou<\/strong><\/h6>\n\n\n\n<p class=\"has-text-align-center\">P\u016fvodn\u011b loveck\u00fd z\u00e1me\u010dek s dochovan\u00fdmi renesan\u010dn\u00edmi klenbami je obklopen velk\u00fdm parkem, kter\u00fd je na rozd\u00edl od z\u00e1mku p\u0159\u00edstupn\u00fd ve\u0159ejnosti.<br><\/p>\n\n\n\n<p><a href=\"https:\/\/www.kudyznudy.cz\/aktivity\/zamek-a-park-loucna-nad-desnou\" data-type=\"link\" data-id=\"https:\/\/www.kudyznudy.cz\/aktivity\/zamek-a-park-loucna-nad-desnou\">\u010cL\u00c1NEK<\/a><\/p>\n<\/div>\n<\/div>\n\n\n\n<div class=\"wp-block-columns is-layout-flex wp-container-core-columns-is-layout-28f84493 wp-block-columns-is-layout-flex\">\n<div class=\"wp-block-column is-layout-flow wp-block-column-is-layout-flow\">\n<figure class=\"wp-block-image size-full\"><img loading=\"lazy\" decoding=\"async\" width=\"650\" height=\"464\" src=\"https:\/\/ksu.cz\/zavody\/csm2024\/wp-content\/uploads\/sites\/3\/2024\/05\/image-3.png\" alt=\"\" class=\"wp-image-88\" srcset=\"https:\/\/ksu.cz\/zavody\/csm2024\/wp-content\/uploads\/sites\/3\/2024\/05\/image-3.png 650w, https:\/\/ksu.cz\/zavody\/csm2024\/wp-content\/uploads\/sites\/3\/2024\/05\/image-3-300x214.png 300w\" sizes=\"auto, (max-width: 650px) 100vw, 650px\" \/><\/figure>\n\n\n\n<p><\/p>\n\n\n\n<h6 class=\"wp-block-heading has-text-align-center\"><strong>Velkolosinsk\u00e9 pralinky<\/strong><\/h6>\n\n\n\n<p class=\"has-text-align-center\">Milovn\u00edci sladk\u00fdch dobrot, \u010dokol\u00e1dy, zmrzliny a lok\u00e1ln\u00edch produkt\u016f si p\u0159ijdou na sv\u00e9 ve Velkolosinsk\u00e9 pralink\u00e1rn\u011b<\/p>\n\n\n\n<p class=\"has-text-align-left\"><a href=\"https:\/\/velkolosinskepralinky.cz\/\" data-type=\"link\" data-id=\"https:\/\/velkolosinskepralinky.cz\/\">WEBOV\u00c9 STR\u00c1NKY<\/a><\/p>\n<\/div>\n\n\n\n<div class=\"wp-block-column is-layout-flow wp-block-column-is-layout-flow\">\n<figure class=\"wp-block-image size-large\"><img decoding=\"async\" src=\"https:\/\/zlosin.com\/wp-content\/uploads\/2023\/01\/Exterier-2-1-2048x1365.jpeg\" alt=\"\"\/><\/figure>\n\n\n\n<p><\/p>\n\n\n\n<h6 class=\"wp-block-heading has-text-align-center\"><strong><strong>Pivovar Zlosin<\/strong><\/strong><\/h6>\n\n\n\n<p class=\"has-text-align-center\">P\u0159\u00e1tel\u00e9 zlatav\u00e9ho moku zase ji\u0161t\u011b ocen\u00ed n\u00e1v\u0161t\u011bvu pivovaru Zlosin ve Velk\u00fdch Losin\u00fdch<\/p>\n\n\n\n<p class=\"has-text-align-left\"><a href=\"https:\/\/pivovarzlosin.cz\/\" data-type=\"link\" data-id=\"https:\/\/velkolosinskepralinky.cz\/\">WEBOV\u00c9 STR\u00c1NKY<\/a><\/p>\n<\/div>\n<\/div>\n","protected":false},"excerpt":{"rendered":"<p>Kam vyrazit po z\u00e1vod\u011b P\u0159in\u00e1\u0161\u00edme V\u00e1m n\u011bkolik tip\u016f na zaj\u00edmav\u00e1 m\u00edsta a c\u00edle v\u00fdlet\u016f, a\u0165 u\u017e vyraz\u00edte p\u011b\u0161ky, autem nebo na kole. Kdo bude m\u00edt po sobotn\u00ed klasice dostatek sil, m\u016f\u017ee si ud\u011blat v\u00fdlet t\u0159eba na h\u0159eben Hrub\u00e9ho Jesen\u00edku. Z \u010cervenohorsk\u00e9ho sedla m\u016f\u017eete vyrazit na severn\u00ed \u010d\u00e1st h\u0159ebenu, p\u0159es V\u0159esovou stud\u00e1nku na Vozku, nebo na [&hellip;]<\/p>\n","protected":false},"author":1,"featured_media":0,"parent":0,"menu_order":0,"comment_status":"closed","ping_status":"closed","template":"","meta":{"zakra_page_container_layout":"customizer","zakra_page_sidebar_layout":"customizer","zakra_remove_content_margin":false,"zakra_sidebar":"customizer","zakra_transparent_header":"customizer","zakra_logo":0,"zakra_main_header_style":"default","zakra_menu_item_color":"","zakra_menu_item_hover_color":"","zakra_menu_item_active_color":"","zakra_menu_active_style":"","zakra_page_header":true,"footnotes":""},"class_list":["post-84","page","type-page","status-publish","hentry"],"_links":{"self":[{"href":"https:\/\/ksu.cz\/zavody\/csm2024\/wp-json\/wp\/v2\/pages\/84","targetHints":{"allow":["GET"]}}],"collection":[{"href":"https:\/\/ksu.cz\/zavody\/csm2024\/wp-json\/wp\/v2\/pages"}],"about":[{"href":"https:\/\/ksu.cz\/zavody\/csm2024\/wp-json\/wp\/v2\/types\/page"}],"author":[{"embeddable":true,"href":"https:\/\/ksu.cz\/zavody\/csm2024\/wp-json\/wp\/v2\/users\/1"}],"replies":[{"embeddable":true,"href":"https:\/\/ksu.cz\/zavody\/csm2024\/wp-json\/wp\/v2\/comments?post=84"}],"version-history":[{"count":3,"href":"https:\/\/ksu.cz\/zavody\/csm2024\/wp-json\/wp\/v2\/pages\/84\/revisions"}],"predecessor-version":[{"id":96,"href":"https:\/\/ksu.cz\/zavody\/csm2024\/wp-json\/wp\/v2\/pages\/84\/revisions\/96"}],"wp:attachment":[{"href":"https:\/\/ksu.cz\/zavody\/csm2024\/wp-json\/wp\/v2\/media?parent=84"}],"curies":[{"name":"wp","href":"https:\/\/api.w.org\/{rel}","templated":true}]}}