{"id":70,"date":"2024-04-14T07:16:15","date_gmt":"2024-04-14T05:16:15","guid":{"rendered":"https:\/\/ksu.cz\/zavody\/csm2024\/?page_id=70"},"modified":"2024-07-01T21:51:36","modified_gmt":"2024-07-01T19:51:36","slug":"uvod","status":"publish","type":"page","link":"https:\/\/ksu.cz\/zavody\/csm2024\/","title":{"rendered":"V\u00edtejte na str\u00e1nk\u00e1ch Ceny st\u0159edn\u00ed Moravy 2024!"},"content":{"rendered":"\n<p class=\"has-medium-font-size\"><mark style=\"background-color:rgba(0, 0, 0, 0);color:#52a444\" class=\"has-inline-color\"><strong>V\u00edtejte na str\u00e1nk\u00e1ch Ceny st\u0159edn\u00ed Moravy 2024!<\/strong><\/mark><\/p>\n\n\n\n<p>Tradi\u010dn\u00ed t\u0159\u00eddenn\u00ed z\u00e1vody se uskute\u010dn\u00ed v Jesen\u00edk\u00e1ch s centrem v P\u0159emyslovsk\u00e9m sedle, v term\u00ednu 28.-30. \u010dervna 2024. P\u0159ije\u010fte se prob\u011bhnout do horsk\u00fdch les\u016f pln\u00fdch kupek, kamen\u00ed a ba\u017ein, po trat\u00edch postaven\u00fdch na kvalitn\u00edch map\u00e1ch z \u010cesk\u00e9ho poh\u00e1ru 2023.<\/p>\n\n\n\n<p class=\"has-text-align-right\"><strong>T\u011b\u0161\u00ed se na V\u00e1s po\u0159adatel\u00e9 z Klubu vytrvalostn\u00edch sport\u016f \u0160umperk!<\/strong><\/p>\n\n\n\n<p><\/p>\n\n\n\n<h3 class=\"wp-block-heading\">AKTUALITY<\/h3>\n\n\n\n<pre class=\"wp-block-preformatted has-vivid-red-color has-text-color has-link-color wp-elements-892ef45671fd05ac8314ab1c5c7f686e\"><strong>D\u016frazn\u00e9 upozorn\u011bn\u00ed: pod\u00e9l centra vede silnice, kter\u00e1 se nach\u00e1z\u00ed mezi tich\u00fdm kempem a centrem a po kter\u00e9 vede cesta na shroma\u017edi\u0161t\u011b E2. Dbejte pros\u00edm zv\u00fd\u0161en\u00e9 opatrnosti p\u0159i jej\u00edm p\u0159ech\u00e1zen\u00ed a cestou na shroma\u017edi\u0161t\u011b&nbsp;E2!<\/strong><\/pre>\n\n\n\n<p><\/p>\n\n\n\n<pre class=\"wp-block-preformatted\" style=\"margin-top:0;margin-bottom:0;padding-top:0;padding-right:var(--wp--preset--spacing--50);padding-bottom:0;padding-left:var(--wp--preset--spacing--50);font-size:15px;font-style:normal;font-weight:500\"><strong>30.6.<\/strong> ... D\u011bkujeme v\u0161em z\u00e1vodn\u00edk\u016fm za \u00fa\u010dast a v\u011b\u0159\u00edme, \u017ee z\u00e1vody se V\u00e1m l\u00edbily. Krom\u011b pod\u011bkov\u00e1n\u00ed mus\u00edme bohu\u017eel zm\u00ednit tak\u00e9 ka\u0148ku z\u00e1vod\u016f - nutnost ud\u011blen\u00ed ceny NEfair play z\u00e1vodn\u00edkovi Jaroslavu Tihonovi, kter\u00fd p\u0159esto\u017ee byl po\u017e\u00e1d\u00e1n, aby pomohl soupe\u0159i, kter\u00e9ho pop\u00edchaly vosy, nepomohl a nutn\u011b pot\u0159eboval ve sv\u00e9 veter\u00e1nsk\u00e9 kategorii z\u00e1vodit d\u00e1l. Naopak posti\u017een\u00fd M\u00edra R\u00e9mi\u0161 touto formou velmi d\u011bkuje v\u0161em, kte\u0159\u00ed mu p\u0159i dne\u0161n\u00ed z\u00e1v\u011bre\u010dn\u00e9 etap\u011b poskytli prvn\u00ed pomoc po ataku vos\u00edch \u017eihadel. Zejm\u00e9na zas\u00edl\u00e1 d\u00edky pro Luk\u00e1\u0161e Brychlece (SKOB Ostrava) a Ivu Knapovou (OK Lokomotiva Pardubice). T\u00edmto se k pod\u011bkov\u00e1n\u00ed p\u0159ipojujeme! T\u011b\u0161\u00edme se na V\u00e1s p\u0159\u00ed\u0161t\u00ed z\u00e1\u0159\u00ed v Hrab\u011b\u0161ic\u00edch na z\u00e1vodech \u010cesk\u00e9ho poh\u00e1ru!<br><strong>30.6.<\/strong> ... Odkazy na Livelox <strong><a href=\"https:\/\/www.livelox.com\/Events\/Show\/132664\/Cena-stredni-Moravy-Sumpersky-divocak-2024-\" data-type=\"link\" data-id=\"https:\/\/www.livelox.com\/Events\/Show\/132664\/Cena-stredni-Moravy-Sumpersky-divocak-2024-\">1. etapa<\/a><\/strong> \/\/ <strong><a href=\"https:\/\/www.livelox.com\/Events\/Show\/132665\/Cena-stredni-Moravy-Sumpersky-divocak-2024-E2\" data-type=\"link\" data-id=\"https:\/\/www.livelox.com\/Events\/Show\/132665\/Cena-stredni-Moravy-Sumpersky-divocak-2024-E2\">2. etapa<\/a> <\/strong>\/\/<strong> <a href=\"https:\/\/www.livelox.com\/Events\/Show\/132670\/Cena-stredni-Moravy-Sumpersky-divocak-2024-E3\" data-type=\"link\" data-id=\"https:\/\/www.livelox.com\/Events\/Show\/132670\/Cena-stredni-Moravy-Sumpersky-divocak-2024-E3\">3. etapa<\/a><\/strong><br><strong>30.6.<\/strong> ... <a href=\"https:\/\/oris.orientacnisporty.cz\/files\/8181_d60e14e91cb354eddefc20d7cd5c05db.pdf\" data-type=\"link\" data-id=\"https:\/\/oris.orientacnisporty.cz\/files\/8181_d60e14e91cb354eddefc20d7cd5c05db.pdf\"><strong>Celkov\u00e9 v\u00fdsledky<\/strong><\/a><br><strong>30.6.<\/strong> ... V\u00fdsledky <strong><a href=\"https:\/\/oris.orientacnisporty.cz\/Vysledky?id=8177\" data-type=\"link\" data-id=\"https:\/\/oris.orientacnisporty.cz\/Vysledky?id=8177\">1. etapa<\/a> <\/strong>\/\/<strong> <a href=\"https:\/\/oris.orientacnisporty.cz\/Vysledky?id=8178\" data-type=\"link\" data-id=\"https:\/\/oris.orientacnisporty.cz\/Vysledky?id=8178\">2. etapa<\/a> <\/strong>\/\/<strong> <a href=\"https:\/\/oris.orientacnisporty.cz\/Vysledky?id=8179\" data-type=\"link\" data-id=\"https:\/\/oris.orientacnisporty.cz\/Vysledky?id=8179\">3. etapa<\/a><\/strong><br><strong>26.6.<\/strong> ... Zve\u0159ejnili jsme <strong><a href=\"https:\/\/oris.orientacnisporty.cz\/Priloha?id=8181&amp;doc=Pokyny\" data-type=\"link\" data-id=\"https:\/\/oris.orientacnisporty.cz\/Priloha?id=8181&amp;doc=Pokyny\">pokyny z\u00e1vod\u016f<\/a><\/strong><br><strong>26.6.<\/strong> ... M\u016f\u017eete se pod\u00edvat na zaktualizovan\u00e9 <a href=\"https:\/\/oris.orientacnisporty.cz\/files\/8181_5fe7f4f444ccb2af86a9b628119d86d9.pdf\" data-type=\"link\" data-id=\"https:\/\/oris.orientacnisporty.cz\/files\/8181_5fe7f4f444ccb2af86a9b628119d86d9.pdf\"><strong>parametry trat\u00ed<\/strong><\/a><br><strong>26.6.<\/strong> ... Zve\u0159ejnili jsme startovky na prvn\u00ed dv\u011b etapy: <strong><a href=\"https:\/\/oris.orientacnisporty.cz\/Startovka?id=8177\" data-type=\"link\" data-id=\"https:\/\/oris.orientacnisporty.cz\/Startovka?id=8177\">startovka E1<\/a><\/strong> \/\/ <strong><a href=\"https:\/\/oris.orientacnisporty.cz\/Startovka?id=8178\" data-type=\"link\" data-id=\"https:\/\/oris.orientacnisporty.cz\/Startovka?id=8178\">startovka E2<\/a><\/strong><br><strong>21.6.<\/strong> ... Informujeme, \u017ee u sobotn\u00ed etapy se do Super\u017eeb\u0159\u00ed\u010dku Han\u00e1ck\u00e9 oblasti bude po\u010d\u00edtat u v\u0161ech v\u011bkov\u00fdch kategori\u00ed ta vy\u0161\u0161\u00ed podkategorie.<br><strong>19.6.<\/strong> ... Z d\u016fvodu mal\u00e9ho po\u010dtu p\u0159ihl\u00e1\u0161en\u00fdch slu\u010dujeme kategorie H75C s H75B a D65C s D65B<br><strong>18.6.<\/strong> ... Po ukon\u010den\u00ed term\u00ednu p\u0159ihl\u00e1\u0161ek za z\u00e1kladn\u00ed startovn\u00e9 m\u00e1me 468 p\u0159ihl\u00e1\u0161en\u00fdch.<br><strong>18.6.<\/strong> ... Pros\u00edme z\u00e1vodn\u00edky, kte\u0159\u00ed maj\u00ed b\u011bhem CSM2024 z\u00e1jem o ubytov\u00e1n\u00ed v kempu a nemaj\u00ed kemp nahl\u00e1\u0161en\u00fd v ORISu, aby tak co nejd\u0159\u00edve u\u010dinili, kv\u016fli pl\u00e1nov\u00e1n\u00ed kapacit kempu. D\u011bkujeme.<br><strong>16.6.<\/strong> ... Dnes kon\u010d\u00ed p\u0159ihl\u00e1\u0161ky za z\u00e1kladn\u00ed startovn\u00e9. <a href=\"https:\/\/oris.orientacnisporty.cz\/Zavod?id=8181\" data-type=\"link\" data-id=\"https:\/\/oris.orientacnisporty.cz\/Zavod?id=8181\"><strong>P\u0159ihl\u00e1sit se<\/strong><\/a><br><strong>13.6<\/strong>  ... M\u016f\u017eete si p\u0159e\u010d\u00edst <a href=\"https:\/\/oris.orientacnisporty.cz\/files\/8181_ce0c0ae248ac75d669a069b5eba42c2b.pdf\" data-type=\"link\" data-id=\"https:\/\/oris.orientacnisporty.cz\/files\/8181_ce0c0ae248ac75d669a069b5eba42c2b.pdf\"><strong>rozhovor se staviteli trat\u00ed<\/strong><\/a>.<br><strong>4.6<\/strong>.  ... Provozovatel are\u00e1lu nab\u00edz\u00ed mo\u017enost ubytov\u00e1n\u00ed apartm\u00e1nov\u00e9ho typu p\u0159\u00edmo v centru                   z\u00e1vod\u016f. V p\u0159\u00edpad\u011b z\u00e1jmu kontaktuje pana Milana \u0160i\u0161mu\u00a0(605\u00a0542\u00a0764).<br><strong>2.6<\/strong>.  ... Posunuli jsme term\u00edn p\u0159ihl\u00e1\u0161ek za z\u00e1kladn\u00ed startovn\u00e9 do 16.6.<br><strong>28.4.<\/strong> ... Zve\u0159ej\u0148ujeme <a href=\"https:\/\/oris.orientacnisporty.cz\/files\/8181_bed48d3aca0e8a418bb6a42f5a3df864.pdf\" data-type=\"link\" data-id=\"https:\/\/oris.orientacnisporty.cz\/files\/8181_bed48d3aca0e8a418bb6a42f5a3df864.pdf\"><strong>p\u0159edb\u011b\u017en\u00e9 parametry trat\u00ed<\/strong><\/a>.<br><strong>25.4.<\/strong> ... P\u0159ipravili jsme pro V\u00e1s str\u00e1nku s <strong><a href=\"https:\/\/ksu.cz\/zavody\/csm2024\/tipy-na-vylety\/\" data-type=\"link\" data-id=\"https:\/\/ksu.cz\/zavody\/csm2024\/tipy-na-vylety\/\">tipy na v\u00fdlety<\/a><\/strong>.<br><strong>22.5.<\/strong> ... Pro z\u00e1vodn\u00edky, kte\u0159\u00ed se z\u00fa\u010dastn\u00ed pouze druh\u00e9 etapy v r\u00e1mci kategorie spadaj\u00edc\u00ed do Han\u00e1ck\u00e9ho \u017eeb\u0159\u00ed\u010dku, bude z\u00e1kladn\u00ed startovn\u00e9 platit a\u017e do ned\u011ble 22.6.2024. V r\u00e1mci p\u0159ihl\u00e1\u0161ky na z\u00e1vod uve\u010fte tuto skute\u010dnost do pozn\u00e1mky. D\u011bkujeme.<br><strong>20.5.<\/strong> ... Omlouv\u00e1me se, ale z technick\u00fdch d\u016fvod\u016f bohu\u017eel nebude v provozu lanov\u00e1 dr\u00e1ha. Adekv\u00e1tn\u011b tomu uprav\u00edme um\u00edst\u011bn\u00ed startu a z\u00e1rove\u0148 bude sjednocen kemp v doln\u00ed \u010d\u00e1sti Skiare\u00e1lu P\u0159emyslov. D\u011bkujeme za pochopen\u00ed.<br><strong>11.4.<\/strong> ... Zve\u0159ej\u0148ujeme <a href=\"https:\/\/oris.orientacnisporty.cz\/files\/8181_93a6e3cabe4b288c8ca624d16d818d20.pdf\" data-type=\"link\" data-id=\"https:\/\/oris.orientacnisporty.cz\/files\/8181_93a6e3cabe4b288c8ca624d16d818d20.pdf\"><strong>rozpis z\u00e1vodu<\/strong><\/a>.<br><\/pre>\n\n\n\n<p><\/p>\n\n\n\n<figure class=\"wp-block-embed alignfull is-type-rich is-provider-flickr wp-block-embed-flickr\"><div class=\"wp-block-embed__wrapper\">\n<div class=\"zak-oembed-container\"><a data-flickr-embed='true' href='https:\/\/www.flickr.com\/photos\/148589984@N05\/albums\/72177720307136742' title='\u010cesk\u00fd poh\u00e1r 2023 - P\u0159emyslov -  fotky ter\u00e9nu by KVS \u0160umperk, on Flickr'><img src='https:\/\/live.staticflickr.com\/65535\/53377985172_a3653bd830_c.jpg' width='800' height='600' alt='IMG_20230528_084552'><\/a><script async src='https:\/\/embedr.flickr.com\/assets\/client-code.js' charset='utf-8'><\/script><\/div>\n<\/div><\/figure>\n","protected":false},"excerpt":{"rendered":"<p>V\u00edtejte na str\u00e1nk\u00e1ch Ceny st\u0159edn\u00ed Moravy 2024! Tradi\u010dn\u00ed t\u0159\u00eddenn\u00ed z\u00e1vody se uskute\u010dn\u00ed v Jesen\u00edk\u00e1ch s centrem v P\u0159emyslovsk\u00e9m sedle, v term\u00ednu 28.-30. \u010dervna 2024. P\u0159ije\u010fte se prob\u011bhnout do horsk\u00fdch les\u016f pln\u00fdch kupek, kamen\u00ed a ba\u017ein, po trat\u00edch postaven\u00fdch na kvalitn\u00edch map\u00e1ch z \u010cesk\u00e9ho poh\u00e1ru 2023. T\u011b\u0161\u00ed se na V\u00e1s po\u0159adatel\u00e9 z Klubu vytrvalostn\u00edch sport\u016f \u0160umperk! [&hellip;]<\/p>\n","protected":false},"author":1,"featured_media":0,"parent":0,"menu_order":0,"comment_status":"closed","ping_status":"closed","template":"","meta":{"zakra_page_container_layout":"customizer","zakra_page_sidebar_layout":"customizer","zakra_remove_content_margin":false,"zakra_sidebar":"customizer","zakra_transparent_header":"customizer","zakra_logo":0,"zakra_main_header_style":"default","zakra_menu_item_color":"","zakra_menu_item_hover_color":"","zakra_menu_item_active_color":"","zakra_menu_active_style":"","zakra_page_header":true,"footnotes":""},"class_list":["post-70","page","type-page","status-publish","hentry"],"_links":{"self":[{"href":"https:\/\/ksu.cz\/zavody\/csm2024\/wp-json\/wp\/v2\/pages\/70","targetHints":{"allow":["GET"]}}],"collection":[{"href":"https:\/\/ksu.cz\/zavody\/csm2024\/wp-json\/wp\/v2\/pages"}],"about":[{"href":"https:\/\/ksu.cz\/zavody\/csm2024\/wp-json\/wp\/v2\/types\/page"}],"author":[{"embeddable":true,"href":"https:\/\/ksu.cz\/zavody\/csm2024\/wp-json\/wp\/v2\/users\/1"}],"replies":[{"embeddable":true,"href":"https:\/\/ksu.cz\/zavody\/csm2024\/wp-json\/wp\/v2\/comments?post=70"}],"version-history":[{"count":23,"href":"https:\/\/ksu.cz\/zavody\/csm2024\/wp-json\/wp\/v2\/pages\/70\/revisions"}],"predecessor-version":[{"id":145,"href":"https:\/\/ksu.cz\/zavody\/csm2024\/wp-json\/wp\/v2\/pages\/70\/revisions\/145"}],"wp:attachment":[{"href":"https:\/\/ksu.cz\/zavody\/csm2024\/wp-json\/wp\/v2\/media?parent=70"}],"curies":[{"name":"wp","href":"https:\/\/api.w.org\/{rel}","templated":true}]}}