{"id":45,"date":"2024-04-11T22:32:37","date_gmt":"2024-04-11T20:32:37","guid":{"rendered":"https:\/\/ksu.cz\/zavody\/csm2024\/?page_id=45"},"modified":"2024-04-11T22:46:50","modified_gmt":"2024-04-11T20:46:50","slug":"fotky-ze-zavodniho-prostoru","status":"publish","type":"page","link":"https:\/\/ksu.cz\/zavody\/csm2024\/fotky-ze-zavodniho-prostoru\/","title":{"rendered":"Fotky ze z\u00e1vodn\u00edho prostoru"},"content":{"rendered":"\n<div class=\"wp-block-columns is-layout-flex wp-container-core-columns-is-layout-28f84493 wp-block-columns-is-layout-flex\">\n<div class=\"wp-block-column is-layout-flow wp-block-column-is-layout-flow\">\n<figure class=\"wp-block-image size-full is-resized\"><img loading=\"lazy\" decoding=\"async\" width=\"1000\" height=\"564\" src=\"https:\/\/ksu.cz\/zavody\/csm2024\/wp-content\/uploads\/sites\/3\/2024\/04\/IMG_20230528_084552.jpg\" alt=\"\" class=\"wp-image-53\" style=\"width:336px;height:auto\" srcset=\"https:\/\/ksu.cz\/zavody\/csm2024\/wp-content\/uploads\/sites\/3\/2024\/04\/IMG_20230528_084552.jpg 1000w, https:\/\/ksu.cz\/zavody\/csm2024\/wp-content\/uploads\/sites\/3\/2024\/04\/IMG_20230528_084552-300x169.jpg 300w, https:\/\/ksu.cz\/zavody\/csm2024\/wp-content\/uploads\/sites\/3\/2024\/04\/IMG_20230528_084552-768x433.jpg 768w\" sizes=\"auto, (max-width: 1000px) 100vw, 1000px\" \/><\/figure>\n\n\n\n<figure class=\"wp-block-image size-full is-resized\"><img loading=\"lazy\" decoding=\"async\" width=\"1000\" height=\"812\" src=\"https:\/\/ksu.cz\/zavody\/csm2024\/wp-content\/uploads\/sites\/3\/2024\/04\/IMG_20221010_143939.jpg\" alt=\"\" class=\"wp-image-56\" style=\"width:336px;height:auto\" srcset=\"https:\/\/ksu.cz\/zavody\/csm2024\/wp-content\/uploads\/sites\/3\/2024\/04\/IMG_20221010_143939.jpg 1000w, https:\/\/ksu.cz\/zavody\/csm2024\/wp-content\/uploads\/sites\/3\/2024\/04\/IMG_20221010_143939-300x244.jpg 300w, https:\/\/ksu.cz\/zavody\/csm2024\/wp-content\/uploads\/sites\/3\/2024\/04\/IMG_20221010_143939-768x624.jpg 768w\" sizes=\"auto, (max-width: 1000px) 100vw, 1000px\" \/><\/figure>\n\n\n\n<figure class=\"wp-block-image size-full is-resized\"><img loading=\"lazy\" decoding=\"async\" width=\"1000\" height=\"662\" src=\"https:\/\/ksu.cz\/zavody\/csm2024\/wp-content\/uploads\/sites\/3\/2024\/04\/By-Green_500.jpg\" alt=\"\" class=\"wp-image-58\" style=\"width:336px;height:auto\" srcset=\"https:\/\/ksu.cz\/zavody\/csm2024\/wp-content\/uploads\/sites\/3\/2024\/04\/By-Green_500.jpg 1000w, https:\/\/ksu.cz\/zavody\/csm2024\/wp-content\/uploads\/sites\/3\/2024\/04\/By-Green_500-300x199.jpg 300w, https:\/\/ksu.cz\/zavody\/csm2024\/wp-content\/uploads\/sites\/3\/2024\/04\/By-Green_500-768x508.jpg 768w\" sizes=\"auto, (max-width: 1000px) 100vw, 1000px\" \/><\/figure>\n\n\n\n<figure class=\"wp-block-image size-full\"><img loading=\"lazy\" decoding=\"async\" width=\"1000\" height=\"563\" src=\"https:\/\/ksu.cz\/zavody\/csm2024\/wp-content\/uploads\/sites\/3\/2024\/04\/20230528_082249.jpg\" alt=\"\" class=\"wp-image-60\" srcset=\"https:\/\/ksu.cz\/zavody\/csm2024\/wp-content\/uploads\/sites\/3\/2024\/04\/20230528_082249.jpg 1000w, https:\/\/ksu.cz\/zavody\/csm2024\/wp-content\/uploads\/sites\/3\/2024\/04\/20230528_082249-300x169.jpg 300w, https:\/\/ksu.cz\/zavody\/csm2024\/wp-content\/uploads\/sites\/3\/2024\/04\/20230528_082249-768x432.jpg 768w\" sizes=\"auto, (max-width: 1000px) 100vw, 1000px\" \/><\/figure>\n\n\n\n<p><\/p>\n<\/div>\n\n\n\n<div class=\"wp-block-column is-layout-flow wp-block-column-is-layout-flow\">\n<figure class=\"wp-block-image size-full is-resized\"><img loading=\"lazy\" decoding=\"async\" width=\"1000\" height=\"563\" src=\"https:\/\/ksu.cz\/zavody\/csm2024\/wp-content\/uploads\/sites\/3\/2024\/04\/IMG-20230322-WA0000.jpg\" alt=\"\" class=\"wp-image-55\" style=\"width:337px;height:auto\" srcset=\"https:\/\/ksu.cz\/zavody\/csm2024\/wp-content\/uploads\/sites\/3\/2024\/04\/IMG-20230322-WA0000.jpg 1000w, https:\/\/ksu.cz\/zavody\/csm2024\/wp-content\/uploads\/sites\/3\/2024\/04\/IMG-20230322-WA0000-300x169.jpg 300w, https:\/\/ksu.cz\/zavody\/csm2024\/wp-content\/uploads\/sites\/3\/2024\/04\/IMG-20230322-WA0000-768x432.jpg 768w\" sizes=\"auto, (max-width: 1000px) 100vw, 1000px\" \/><\/figure>\n\n\n\n<p><br><figure class=\"wp-block-image size-full\"><img loading=\"lazy\" decoding=\"async\" width=\"1000\" height=\"751\" class=\"wp-image-57\" src=\"https:\/\/ksu.cz\/zavody\/csm2024\/wp-content\/uploads\/sites\/3\/2024\/04\/IMG_20221205_122654.jpg\" alt=\"\" srcset=\"https:\/\/ksu.cz\/zavody\/csm2024\/wp-content\/uploads\/sites\/3\/2024\/04\/IMG_20221205_122654.jpg 1000w, https:\/\/ksu.cz\/zavody\/csm2024\/wp-content\/uploads\/sites\/3\/2024\/04\/IMG_20221205_122654-300x225.jpg 300w, https:\/\/ksu.cz\/zavody\/csm2024\/wp-content\/uploads\/sites\/3\/2024\/04\/IMG_20221205_122654-768x577.jpg 768w\" sizes=\"auto, (max-width: 1000px) 100vw, 1000px\" \/><\/figure><\/p>\n\n\n\n<figure class=\"wp-block-image size-full is-resized\"><img loading=\"lazy\" decoding=\"async\" width=\"1000\" height=\"662\" src=\"https:\/\/ksu.cz\/zavody\/csm2024\/wp-content\/uploads\/sites\/3\/2024\/04\/By-Green_443.jpg\" alt=\"\" class=\"wp-image-59\" style=\"width:336px;height:auto\" srcset=\"https:\/\/ksu.cz\/zavody\/csm2024\/wp-content\/uploads\/sites\/3\/2024\/04\/By-Green_443.jpg 1000w, https:\/\/ksu.cz\/zavody\/csm2024\/wp-content\/uploads\/sites\/3\/2024\/04\/By-Green_443-300x199.jpg 300w, https:\/\/ksu.cz\/zavody\/csm2024\/wp-content\/uploads\/sites\/3\/2024\/04\/By-Green_443-768x508.jpg 768w\" sizes=\"auto, (max-width: 1000px) 100vw, 1000px\" \/><\/figure>\n\n\n\n<figure class=\"wp-block-image size-full\"><img loading=\"lazy\" decoding=\"async\" width=\"1000\" height=\"662\" src=\"https:\/\/ksu.cz\/zavody\/csm2024\/wp-content\/uploads\/sites\/3\/2024\/04\/By-Green_417.jpg\" alt=\"\" class=\"wp-image-61\" srcset=\"https:\/\/ksu.cz\/zavody\/csm2024\/wp-content\/uploads\/sites\/3\/2024\/04\/By-Green_417.jpg 1000w, https:\/\/ksu.cz\/zavody\/csm2024\/wp-content\/uploads\/sites\/3\/2024\/04\/By-Green_417-300x199.jpg 300w, https:\/\/ksu.cz\/zavody\/csm2024\/wp-content\/uploads\/sites\/3\/2024\/04\/By-Green_417-768x508.jpg 768w\" sizes=\"auto, (max-width: 1000px) 100vw, 1000px\" \/><\/figure>\n\n\n\n<p><br><\/p>\n<\/div>\n<\/div>\n\n\n\n<a data-flickr-embed=\"true\" href=\"https:\/\/www.flickr.com\/photos\/148589984@N05\/albums\/72177720307136742\" title=\"\u010cesk\u00fd poh\u00e1r 2023 - P\u0159emyslov -  fotky ter\u00e9nu\"><img loading=\"lazy\" decoding=\"async\" src=\"https:\/\/live.staticflickr.com\/65535\/52917925469_cebca4829f_c.jpg\" width=\"768\" height=\"1024\" alt=\"\u010cesk\u00fd poh\u00e1r 2023 - P\u0159emyslov -  fotky ter\u00e9nu\"\/><\/a><script async src=\"\/\/embedr.flickr.com\/assets\/client-code.js\" charset=\"utf-8\"><\/script>\n","protected":false},"excerpt":{"rendered":"","protected":false},"author":1,"featured_media":0,"parent":0,"menu_order":0,"comment_status":"closed","ping_status":"closed","template":"","meta":{"zakra_page_container_layout":"contained","zakra_page_sidebar_layout":"right","zakra_remove_content_margin":false,"zakra_sidebar":"customizer","zakra_transparent_header":"customizer","zakra_logo":0,"zakra_main_header_style":"default","zakra_menu_item_color":"","zakra_menu_item_hover_color":"","zakra_menu_item_active_color":"","zakra_menu_active_style":"","zakra_page_header":true,"footnotes":""},"class_list":["post-45","page","type-page","status-publish","hentry"],"_links":{"self":[{"href":"https:\/\/ksu.cz\/zavody\/csm2024\/wp-json\/wp\/v2\/pages\/45","targetHints":{"allow":["GET"]}}],"collection":[{"href":"https:\/\/ksu.cz\/zavody\/csm2024\/wp-json\/wp\/v2\/pages"}],"about":[{"href":"https:\/\/ksu.cz\/zavody\/csm2024\/wp-json\/wp\/v2\/types\/page"}],"author":[{"embeddable":true,"href":"https:\/\/ksu.cz\/zavody\/csm2024\/wp-json\/wp\/v2\/users\/1"}],"replies":[{"embeddable":true,"href":"https:\/\/ksu.cz\/zavody\/csm2024\/wp-json\/wp\/v2\/comments?post=45"}],"version-history":[{"count":5,"href":"https:\/\/ksu.cz\/zavody\/csm2024\/wp-json\/wp\/v2\/pages\/45\/revisions"}],"predecessor-version":[{"id":65,"href":"https:\/\/ksu.cz\/zavody\/csm2024\/wp-json\/wp\/v2\/pages\/45\/revisions\/65"}],"wp:attachment":[{"href":"https:\/\/ksu.cz\/zavody\/csm2024\/wp-json\/wp\/v2\/media?parent=45"}],"curies":[{"name":"wp","href":"https:\/\/api.w.org\/{rel}","templated":true}]}}