{"id":84,"date":"2023-02-21T08:07:20","date_gmt":"2023-02-21T07:07:20","guid":{"rendered":"https:\/\/ksu.cz\/zavody\/cp2025\/?page_id=84"},"modified":"2025-09-02T21:46:50","modified_gmt":"2025-09-02T19:46:50","slug":"partneri","status":"publish","type":"page","link":"https:\/\/ksu.cz\/zavody\/cp2025\/?page_id=84","title":{"rendered":"Partne\u0159i z\u00e1vodu"},"content":{"rendered":"\n<p><strong>Partne\u0159i KVS \u0160umperk<\/strong><\/p>\n\n\n\n<figure class=\"wp-block-image size-full is-resized\"><img loading=\"lazy\" decoding=\"async\" width=\"235\" height=\"71\" src=\"https:\/\/ksu.cz\/zavody\/cp2025\/wp-content\/uploads\/sites\/6\/2023\/10\/logo.png\" alt=\"\" class=\"wp-image-495\" style=\"width:165px;height:50px\"\/><\/figure>\n\n\n\n<p><\/p>\n\n\n\n<div class=\"wp-block-columns is-layout-flex wp-container-core-columns-is-layout-28f84493 wp-block-columns-is-layout-flex\">\n<div class=\"wp-block-column is-layout-flow wp-block-column-is-layout-flow\">\n<figure class=\"wp-block-image alignleft is-resized\"><a href=\"https:\/\/www.dormerpramet.com\/cs-cz\/pages\/default.aspx\" target=\"_blank\" rel=\"noreferrer noopener\"><img decoding=\"async\" src=\"https:\/\/ksu.cz\/wp-content\/uploads\/2021\/01\/dormer_pramet_logo-300x30.png\" alt=\"\" style=\"width:221px;height:auto\"\/><\/a><\/figure>\n<\/div>\n\n\n\n<div class=\"wp-block-column is-layout-flow wp-block-column-is-layout-flow\">\n<figure class=\"wp-block-image aligncenter size-full is-resized\"><a href=\"https:\/\/www.sumperk.cz\/\"><img decoding=\"async\" src=\"https:\/\/ksu.cz\/wp-content\/uploads\/2024\/11\/Sumperk_logo.jpg\" alt=\"\" class=\"wp-image-3322\" style=\"width:182px;height:auto\"\/><\/a><\/figure>\n<\/div>\n\n\n\n<div class=\"wp-block-column is-layout-flow wp-block-column-is-layout-flow\">\n<figure class=\"wp-block-image alignright size-full is-resized\"><a href=\"https:\/\/lesycr.cz\/\"><img decoding=\"async\" src=\"https:\/\/ksu.cz\/wp-content\/uploads\/2025\/01\/lesy-cr-veticalni-200x125-1.jpg\" alt=\"\" class=\"wp-image-3386\" style=\"width:166px;height:auto\"\/><\/a><\/figure>\n<\/div>\n<\/div>\n\n\n\n<p><\/p>\n\n\n\n<div class=\"wp-block-columns is-layout-flex wp-container-core-columns-is-layout-28f84493 wp-block-columns-is-layout-flex\">\n<div class=\"wp-block-column is-layout-flow wp-block-column-is-layout-flow\">\n<figure class=\"wp-block-image alignleft is-resized\"><a href=\"http:\/\/starlaces.cz\/\"><img loading=\"lazy\" decoding=\"async\" width=\"230\" height=\"300\" src=\"https:\/\/ksu.cz\/zavody\/cp2025\/wp-content\/uploads\/sites\/6\/2025\/08\/banner_230x300px.jpg\" alt=\"\" class=\"wp-image-636\" style=\"width:113px;height:auto\"\/><\/a><\/figure>\n<\/div>\n\n\n\n<div class=\"wp-block-column is-layout-flow wp-block-column-is-layout-flow\">\n<figure class=\"wp-block-image aligncenter size-full is-resized\"><a href=\"https:\/\/velkolosinskepralinky.cz\/\"><img loading=\"lazy\" decoding=\"async\" width=\"366\" height=\"327\" src=\"https:\/\/ksu.cz\/zavody\/cp2025\/wp-content\/uploads\/sites\/6\/2025\/08\/image.png\" alt=\"\" class=\"wp-image-625\" style=\"width:135px;height:auto\" srcset=\"https:\/\/ksu.cz\/zavody\/cp2025\/wp-content\/uploads\/sites\/6\/2025\/08\/image.png 366w, https:\/\/ksu.cz\/zavody\/cp2025\/wp-content\/uploads\/sites\/6\/2025\/08\/image-300x268.png 300w\" sizes=\"auto, (max-width: 366px) 100vw, 366px\" \/><\/a><\/figure>\n<\/div>\n\n\n\n<div class=\"wp-block-column is-layout-flow wp-block-column-is-layout-flow\">\n<figure class=\"wp-block-image alignright size-full is-resized\"><a href=\"https:\/\/www.grantthornton.cz\/\"><img decoding=\"async\" src=\"https:\/\/ksu.cz\/wp-content\/uploads\/2025\/01\/logo_GT.png\" alt=\"\" class=\"wp-image-3384\" style=\"width:216px;height:auto\"\/><\/a><\/figure>\n<\/div>\n<\/div>\n\n\n\n<div class=\"wp-block-columns is-layout-flex wp-container-core-columns-is-layout-28f84493 wp-block-columns-is-layout-flex\">\n<div class=\"wp-block-column is-layout-flow wp-block-column-is-layout-flow\">\n<figure class=\"wp-block-image alignleft is-resized\"><a href=\"http:\/\/www.amgis.cz\/\" target=\"_blank\" rel=\"noreferrer noopener\"><img decoding=\"async\" src=\"http:\/\/www.ksu.cz\/img\/spon\/logo_amgis_gantry.png\" alt=\"\" style=\"width:138px;height:auto\"\/><\/a><\/figure>\n<\/div>\n\n\n\n<div class=\"wp-block-column is-layout-flow wp-block-column-is-layout-flow\">\n<figure class=\"wp-block-image aligncenter size-full is-resized\"><img decoding=\"async\" src=\"https:\/\/ksu.cz\/wp-content\/uploads\/2023\/07\/doris_cele.png\" alt=\"\" class=\"wp-image-2616\" style=\"width:169px;height:auto\"\/><\/figure>\n<\/div>\n\n\n\n<div class=\"wp-block-column is-layout-flow wp-block-column-is-layout-flow\">\n<figure class=\"wp-block-image alignright size-full\"><a href=\"https:\/\/www.platit.com\/en\/\"><img decoding=\"async\" src=\"https:\/\/ksu.cz\/wp-content\/uploads\/2024\/02\/image.png\" alt=\"\" class=\"wp-image-2912\"\/><\/a><\/figure>\n<\/div>\n<\/div>\n\n\n\n<div class=\"wp-block-columns is-layout-flex wp-container-core-columns-is-layout-28f84493 wp-block-columns-is-layout-flex\">\n<div class=\"wp-block-column is-layout-flow wp-block-column-is-layout-flow\">\n<figure class=\"wp-block-image alignleft size-full\"><img decoding=\"async\" src=\"https:\/\/ksu.cz\/wp-content\/uploads\/2024\/02\/LogoKamil1.png\" alt=\"\" class=\"wp-image-2922\"\/><\/figure>\n<\/div>\n\n\n\n<div class=\"wp-block-column is-layout-flow wp-block-column-is-layout-flow\">\n<figure class=\"wp-block-image aligncenter is-resized\"><a href=\"https:\/\/shm-cz.cz\/\"><img decoding=\"async\" src=\"https:\/\/ksu.cz\/wp-content\/uploads\/2024\/02\/logo-SHM-1.png\" alt=\"\" class=\"wp-image-2910\" style=\"width:166px;height:auto\"\/><\/a><\/figure>\n<\/div>\n\n\n\n<div class=\"wp-block-column is-layout-flow wp-block-column-is-layout-flow\">\n<figure class=\"wp-block-image alignright size-large is-resized\"><a href=\"https:\/\/www.facebook.com\/p\/Chata-na-Sk%C5%99%C3%ADtku-61570364103683\/\"><img loading=\"lazy\" decoding=\"async\" width=\"927\" height=\"1024\" src=\"https:\/\/ksu.cz\/zavody\/cp2025\/wp-content\/uploads\/sites\/6\/2025\/09\/496296871_122133055238678803_4007376565606852899_n-927x1024.jpg\" alt=\"\" class=\"wp-image-671\" style=\"width:133px;height:auto\" srcset=\"https:\/\/ksu.cz\/zavody\/cp2025\/wp-content\/uploads\/sites\/6\/2025\/09\/496296871_122133055238678803_4007376565606852899_n-927x1024.jpg 927w, https:\/\/ksu.cz\/zavody\/cp2025\/wp-content\/uploads\/sites\/6\/2025\/09\/496296871_122133055238678803_4007376565606852899_n-272x300.jpg 272w, https:\/\/ksu.cz\/zavody\/cp2025\/wp-content\/uploads\/sites\/6\/2025\/09\/496296871_122133055238678803_4007376565606852899_n-768x849.jpg 768w, https:\/\/ksu.cz\/zavody\/cp2025\/wp-content\/uploads\/sites\/6\/2025\/09\/496296871_122133055238678803_4007376565606852899_n-1390x1536.jpg 1390w, https:\/\/ksu.cz\/zavody\/cp2025\/wp-content\/uploads\/sites\/6\/2025\/09\/496296871_122133055238678803_4007376565606852899_n.jpg 1496w\" sizes=\"auto, (max-width: 927px) 100vw, 927px\" \/><\/a><\/figure>\n<\/div>\n<\/div>\n\n\n\n<div class=\"wp-block-columns is-layout-flex wp-container-core-columns-is-layout-28f84493 wp-block-columns-is-layout-flex\">\n<div class=\"wp-block-column is-layout-flow wp-block-column-is-layout-flow\">\n<figure class=\"wp-block-image is-resized\"><a href=\"https:\/\/www.jopc.cz\/\" target=\"_blank\" rel=\"noreferrer noopener\"><img decoding=\"async\" src=\"http:\/\/ksu.cz\/wp-content\/uploads\/2021\/01\/jopc1.png\" alt=\"\" class=\"wp-image-9\" style=\"width:157px;height:auto\"\/><\/a><\/figure>\n<\/div>\n\n\n\n<div class=\"wp-block-column is-layout-flow wp-block-column-is-layout-flow\"><\/div>\n\n\n\n<div class=\"wp-block-column is-layout-flow wp-block-column-is-layout-flow\"><\/div>\n<\/div>\n\n\n\n<p class=\"has-text-align-left\"><a href=\"http:\/\/sumperk.cz\" target=\"_blank\" rel=\"noopener\"><\/a><\/p>\n\n\n\n<p class=\"has-text-align-left\"><\/p>\n\n\n\n<p><strong>Partne\u0159i \u010cSOS<\/strong><\/p>\n\n\n\n<figure class=\"wp-block-image aligncenter size-full is-resized\"><a href=\"https:\/\/www.ceskyorientak.cz\/organizace\/partneri\/\"><img loading=\"lazy\" decoding=\"async\" width=\"654\" height=\"925\" src=\"https:\/\/ksu.cz\/zavody\/cp2025\/wp-content\/uploads\/sites\/6\/2025\/05\/partneri_velky_2025.jpg\" alt=\"\" class=\"wp-image-551\" style=\"width:760px;height:auto\" srcset=\"https:\/\/ksu.cz\/zavody\/cp2025\/wp-content\/uploads\/sites\/6\/2025\/05\/partneri_velky_2025.jpg 654w, https:\/\/ksu.cz\/zavody\/cp2025\/wp-content\/uploads\/sites\/6\/2025\/05\/partneri_velky_2025-212x300.jpg 212w\" sizes=\"auto, (max-width: 654px) 100vw, 654px\" \/><\/a><\/figure>\n","protected":false},"excerpt":{"rendered":"<p>Partne\u0159i KVS \u0160umperk Partne\u0159i \u010cSOS<\/p>\n","protected":false},"author":1,"featured_media":0,"parent":0,"menu_order":0,"comment_status":"closed","ping_status":"closed","template":"","meta":{"zakra_page_container_layout":"customizer","zakra_page_sidebar_layout":"customizer","zakra_remove_content_margin":false,"zakra_sidebar":"customizer","zakra_transparent_header":"customizer","zakra_logo":0,"zakra_main_header_style":"default","zakra_menu_item_color":null,"zakra_menu_item_hover_color":"","zakra_menu_item_active_color":"","zakra_menu_active_style":"","zakra_page_header":true,"footnotes":""},"class_list":["post-84","page","type-page","status-publish","hentry"],"_links":{"self":[{"href":"https:\/\/ksu.cz\/zavody\/cp2025\/index.php?rest_route=\/wp\/v2\/pages\/84","targetHints":{"allow":["GET"]}}],"collection":[{"href":"https:\/\/ksu.cz\/zavody\/cp2025\/index.php?rest_route=\/wp\/v2\/pages"}],"about":[{"href":"https:\/\/ksu.cz\/zavody\/cp2025\/index.php?rest_route=\/wp\/v2\/types\/page"}],"author":[{"embeddable":true,"href":"https:\/\/ksu.cz\/zavody\/cp2025\/index.php?rest_route=\/wp\/v2\/users\/1"}],"replies":[{"embeddable":true,"href":"https:\/\/ksu.cz\/zavody\/cp2025\/index.php?rest_route=%2Fwp%2Fv2%2Fcomments&post=84"}],"version-history":[{"count":23,"href":"https:\/\/ksu.cz\/zavody\/cp2025\/index.php?rest_route=\/wp\/v2\/pages\/84\/revisions"}],"predecessor-version":[{"id":672,"href":"https:\/\/ksu.cz\/zavody\/cp2025\/index.php?rest_route=\/wp\/v2\/pages\/84\/revisions\/672"}],"wp:attachment":[{"href":"https:\/\/ksu.cz\/zavody\/cp2025\/index.php?rest_route=%2Fwp%2Fv2%2Fmedia&parent=84"}],"curies":[{"name":"wp","href":"https:\/\/api.w.org\/{rel}","templated":true}]}}