{"id":589,"date":"2025-07-24T17:40:14","date_gmt":"2025-07-24T15:40:14","guid":{"rendered":"https:\/\/ksu.cz\/zavody\/cp2025\/?page_id=589"},"modified":"2025-09-02T13:15:05","modified_gmt":"2025-09-02T11:15:05","slug":"zakladni-informace","status":"publish","type":"page","link":"https:\/\/ksu.cz\/zavody\/cp2025\/?page_id=589","title":{"rendered":"Z\u00e1kladn\u00ed informace"},"content":{"rendered":"\n<p><\/p>\n\n\n\n<div class=\"wp-block-group is-layout-constrained wp-block-group-is-layout-constrained\">\n<div class=\"wp-block-group is-layout-constrained wp-block-group-is-layout-constrained\">\n<p><strong><mark style=\"background-color:rgba(0, 0, 0, 0)\" class=\"has-inline-color has-vivid-cyan-blue-color\">6. 9. 2025 Kitl \u010cesk\u00fd poh\u00e1r, WRE, INOV-8 CUP \u2013 \u017eeb\u0159\u00ed\u010dek A, \u017eeb\u0159\u00ed\u010dek B-Morava \u2013 kr\u00e1tk\u00e1 tra\u0165<\/mark><\/strong><br><strong>Po\u0159\u00e1daj\u00edc\u00ed subjekt:<\/strong> Klub vytrvalostn\u00edch sport\u016f \u0160umperk (KSU)<br><strong>\u0158editel z\u00e1vodu:<\/strong> Petr Turczer<br><strong>Hlavn\u00ed rozhod\u010d\u00ed:<\/strong> Daniel Tomanek (R1)<br><strong>Stavitel trat\u00ed:<\/strong> Ond\u0159ej J\u00edlek (R1)<br><strong>Hlavn\u00ed kartograf:<\/strong> Zden\u011bk Rajno\u0161ek<br><strong>Centrum:<\/strong> Sobot\u00edn, Rudoltice, motorest Sk\u0159\u00edtek, <a href=\"https:\/\/mapy.com\/s\/hagocatabe\" data-type=\"link\" data-id=\"https:\/\/mapy.com\/s\/hagocatabe\">mapa<\/a><br><strong>Prostor z\u00e1vodu:<\/strong> Z\u00e1vora, sedlo Sk\u0159\u00edtek, \u010cern\u00e9 kameny 956 m n.m.<br><strong>Popis ter\u00e9nu:<\/strong> N\u00e1ro\u010dn\u00fd horsk\u00fd ter\u00e9n v CHKO Jesen\u00edky v nadmo\u0159sk\u00e9 v\u00fd\u0161ce 600 \u2013 1000 mnm.<br>\u010c\u00e1st prostoru ur\u010dena pro z\u00e1vod na kr\u00e1tk\u00e9 trati je bohat\u00e1 na porostov\u00e9 detaily, ba\u017einky a<br>prameni\u0161t\u011b.<\/p>\n\n\n\n<div class=\"wp-block-group is-layout-constrained wp-block-group-is-layout-constrained\">\n<div class=\"wp-block-group is-layout-constrained wp-block-group-is-layout-constrained\">\n<div class=\"wp-block-group is-layout-constrained wp-block-group-is-layout-constrained\">\n<p><strong>P\u0159edchoz\u00ed mapy:<\/strong> <\/p>\n\n\n\n<div class=\"wp-block-group is-layout-constrained wp-block-group-is-layout-constrained\">\n<ul class=\"wp-block-list\">\n<li>Rudoltice &#8211; Sk\u0159\u00edtek (2021), <a href=\"https:\/\/mapy.orientacnisporty.cz\/mapa\/rudoltice-skritek-2021\">https:\/\/mapy.orientacnisporty.cz\/mapa\/rudoltice-skritek-2021<\/a> | <a href=\"https:\/\/1drv.ms\/b\/c\/fb2a31d979501cee\/EfImXcRGvr9LlOoE7tO7t2EB_WWS-lVAEgmJS_xdv5z1fA?e=dZJktl\">PDF<\/a><\/li>\n\n\n\n<li>Z\u00e1vada (2022), <a href=\"https:\/\/mapy.orientacnisporty.cz\/mapa\/zavada-2022\">https:\/\/mapy.orientacnisporty.cz\/mapa\/zavada-2022 ,<\/a> | <a href=\"https:\/\/1drv.ms\/b\/c\/fb2a31d979501cee\/EVnrG89VOrlFrjev67dkjgABOipqvM7zm-1T_BeVouKueg?e=LvHFeS\" data-type=\"link\" data-id=\"https:\/\/1drv.ms\/b\/c\/fb2a31d979501cee\/EVnrG89VOrlFrjev67dkjgABOipqvM7zm-1T_BeVouKueg?e=LvHFeS\">PDF<\/a><\/li>\n\n\n\n<li>Vinn\u00e1 hora (2016), <a href=\"https:\/\/mapy.orientacnisporty.cz\/mapa\/vinna-hora-2016\">https:\/\/mapy.orientacnisporty.cz\/mapa\/vinna-hora-2016<\/a> | <a href=\"https:\/\/1drv.ms\/b\/c\/fb2a31d979501cee\/EdxCXVpk2ehKsQTKF5C5QtAB2ccEIQnCXFO9NQQA2S5h0A?e=ghkdtt\" data-type=\"link\" data-id=\"https:\/\/1drv.ms\/b\/c\/fb2a31d979501cee\/EdxCXVpk2ehKsQTKF5C5QtAB2ccEIQnCXFO9NQQA2S5h0A?e=ghkdtt\">PDF<\/a><br><\/li>\n<\/ul>\n<\/div>\n<\/div>\n<\/div>\n<\/div>\n\n\n\n<p><strong>Datum p\u0159ihl\u00e1\u0161ek:<\/strong> 26. 8. 2025<br><strong>Webov\u00e9 str\u00e1nky:<\/strong> <a href=\"https:\/\/ksu.cz\/zavody\/cp2025\">https:\/\/ksu.cz\/zavody\/cp2025<\/a><br><strong>Start 00:<\/strong> 12:00<\/p>\n<\/div>\n<\/div>\n\n\n\n<p><strong><mark style=\"background-color:rgba(0, 0, 0, 0)\" class=\"has-inline-color has-vivid-cyan-blue-color\">7. 9. 2025 Kitl \u010cesk\u00fd poh\u00e1r, INOV-8 CUP \u2013 \u017eeb\u0159\u00ed\u010dek A, \u017eeb\u0159\u00ed\u010dek B-Morava \u2013 klasick\u00e1 tra\u0165<br><\/mark>Po\u0159\u00e1daj\u00edc\u00ed subjekt:<\/strong> Klub vytrvalostn\u00edch sport\u016f \u0160umperk (KSU)<br><strong>\u0158editel z\u00e1vodu:<\/strong> Petr Turczer<br><strong>Hlavn\u00ed rozhod\u010d\u00ed:<\/strong> Daniel Tomanek (R1)<br><strong>Stavitel trat\u00ed:<\/strong> Zden\u011bk Jan\u016f (R1), Adam \u0160t\u00e1bl (R3)<br><strong>Hlavn\u00ed kartograf:<\/strong> Zden\u011bk Rajno\u0161ek<br><strong>Centrum:<\/strong> Sobot\u00edn, Rudoltice, motorest Sk\u0159\u00edtek, <a href=\"https:\/\/mapy.com\/s\/hagocatabe\" data-type=\"link\" data-id=\"https:\/\/mapy.com\/s\/hagocatabe\">mapa<\/a><br><strong>Prostor z\u00e1vodu:<\/strong> Z\u00e1vora, sedlo Sk\u0159\u00edtek, \u010cern\u00e9 kameny 956 m n.m., Sk\u00e1ly 929 m n.m.<br><strong>Popis ter\u00e9nu:<\/strong> N\u00e1ro\u010dn\u00fd horsk\u00fd ter\u00e9n v CHKO Jesen\u00edky v nadmo\u0159sk\u00e9 v\u00fd\u0161ce 550 \u2013 1000 m n.m. <\/p>\n\n\n\n<p>\u010c\u00e1st prostoru ur\u010den\u00e1 pro z\u00e1vod na klasick\u00e9 trati je bohat\u00e1 na porostov\u00e9 detaily, skaln\u00ed<br>\u00fatvary, prameni\u0161t\u011b, ba\u017einy s m\u00edsty velmi t\u011b\u017ekou podlo\u017ekou typickou pro horsk\u00fd les.<\/p>\n\n\n\n<p><strong>P\u0159edchoz\u00ed mapy:<\/strong> <\/p>\n\n\n\n<div class=\"wp-block-group is-layout-constrained wp-block-group-is-layout-constrained\">\n<ul class=\"wp-block-list\">\n<li>Rudoltice &#8211; Sk\u0159\u00edtek (2021), <a href=\"https:\/\/mapy.orientacnisporty.cz\/mapa\/rudoltice-skritek-2021\">https:\/\/mapy.orientacnisporty.cz\/mapa\/rudoltice-skritek-2021<\/a> | <a href=\"https:\/\/1drv.ms\/b\/c\/fb2a31d979501cee\/EfImXcRGvr9LlOoE7tO7t2EB_WWS-lVAEgmJS_xdv5z1fA?e=dZJktl\">PDF<\/a><\/li>\n\n\n\n<li>Z\u00e1vada (2022), <a href=\"https:\/\/mapy.orientacnisporty.cz\/mapa\/zavada-2022\">https:\/\/mapy.orientacnisporty.cz\/mapa\/zavada-2022 ,<\/a> | PDF <\/li>\n\n\n\n<li>Vinn\u00e1 hora (2016), <a href=\"https:\/\/mapy.orientacnisporty.cz\/mapa\/vinna-hora-2016\">https:\/\/mapy.orientacnisporty.cz\/mapa\/vinna-hora-2016<\/a> | <a href=\"https:\/\/1drv.ms\/b\/c\/fb2a31d979501cee\/EdxCXVpk2ehKsQTKF5C5QtAB2ccEIQnCXFO9NQQA2S5h0A?e=ghkdtt\" data-type=\"link\" data-id=\"https:\/\/1drv.ms\/b\/c\/fb2a31d979501cee\/EdxCXVpk2ehKsQTKF5C5QtAB2ccEIQnCXFO9NQQA2S5h0A?e=ghkdtt\">PDF<\/a><\/li>\n<\/ul>\n\n\n\n<p><br><strong>Datum p\u0159ihl\u00e1\u0161ek:<\/strong> 26. 8. 2025<br><strong>Webov\u00e9 str\u00e1nky:<\/strong> <a href=\"https:\/\/ksu.cz\/zavody\/cp2025\">https:\/\/ksu.cz\/zavody\/cp2025<\/a><br><strong>Start 00: <\/strong>10:00<\/p>\n<\/div>\n\n\n\n<figure class=\"wp-block-gallery has-nested-images columns-default is-cropped wp-block-gallery-1 is-layout-flex wp-block-gallery-is-layout-flex\">\n<figure class=\"wp-block-image size-full\"><img loading=\"lazy\" decoding=\"async\" width=\"1004\" height=\"673\" data-id=\"503\" src=\"https:\/\/ksu.cz\/zavody\/cp2025\/wp-content\/uploads\/sites\/6\/2025\/04\/15.jpg\" alt=\"\" class=\"wp-image-503\" srcset=\"https:\/\/ksu.cz\/zavody\/cp2025\/wp-content\/uploads\/sites\/6\/2025\/04\/15.jpg 1004w, https:\/\/ksu.cz\/zavody\/cp2025\/wp-content\/uploads\/sites\/6\/2025\/04\/15-300x201.jpg 300w, https:\/\/ksu.cz\/zavody\/cp2025\/wp-content\/uploads\/sites\/6\/2025\/04\/15-768x515.jpg 768w\" sizes=\"auto, (max-width: 1004px) 100vw, 1004px\" \/><\/figure>\n\n\n\n<figure class=\"wp-block-image size-large\"><img loading=\"lazy\" decoding=\"async\" width=\"300\" height=\"225\" data-id=\"17\" src=\"https:\/\/ksu.cz\/zavody\/cp2025\/wp-content\/uploads\/sites\/6\/2022\/12\/IMG_20221101_102312-2.jpg\" alt=\"\" class=\"wp-image-17\"\/><\/figure>\n\n\n\n<figure class=\"wp-block-image size-full\"><img loading=\"lazy\" decoding=\"async\" width=\"1004\" height=\"673\" data-id=\"501\" src=\"https:\/\/ksu.cz\/zavody\/cp2025\/wp-content\/uploads\/sites\/6\/2025\/04\/21.jpg\" alt=\"\" class=\"wp-image-501\" srcset=\"https:\/\/ksu.cz\/zavody\/cp2025\/wp-content\/uploads\/sites\/6\/2025\/04\/21.jpg 1004w, https:\/\/ksu.cz\/zavody\/cp2025\/wp-content\/uploads\/sites\/6\/2025\/04\/21-300x201.jpg 300w, https:\/\/ksu.cz\/zavody\/cp2025\/wp-content\/uploads\/sites\/6\/2025\/04\/21-768x515.jpg 768w\" sizes=\"auto, (max-width: 1004px) 100vw, 1004px\" \/><\/figure>\n<\/figure>\n\n\n\n<p><\/p>\n\n\n\n<pre class=\"wp-block-preformatted\"><\/pre>\n\n\n\n<p><\/p>\n","protected":false},"excerpt":{"rendered":"<p>6. 9. 2025 Kitl \u010cesk\u00fd poh\u00e1r, WRE, INOV-8 CUP \u2013 \u017eeb\u0159\u00ed\u010dek A, \u017eeb\u0159\u00ed\u010dek B-Morava \u2013 kr\u00e1tk\u00e1 tra\u0165Po\u0159\u00e1daj\u00edc\u00ed subjekt: Klub vytrvalostn\u00edch sport\u016f \u0160umperk (KSU)\u0158editel z\u00e1vodu: Petr TurczerHlavn\u00ed rozhod\u010d\u00ed: Daniel Tomanek (R1)Stavitel trat\u00ed: Ond\u0159ej J\u00edlek (R1)Hlavn\u00ed kartograf: Zden\u011bk Rajno\u0161ekCentrum: Sobot\u00edn, Rudoltice, motorest Sk\u0159\u00edtek, mapaProstor z\u00e1vodu: Z\u00e1vora, sedlo Sk\u0159\u00edtek, \u010cern\u00e9 kameny 956 m n.m.Popis ter\u00e9nu: N\u00e1ro\u010dn\u00fd horsk\u00fd ter\u00e9n [&hellip;]<\/p>\n","protected":false},"author":1,"featured_media":0,"parent":0,"menu_order":0,"comment_status":"closed","ping_status":"closed","template":"","meta":{"zakra_page_container_layout":"customizer","zakra_page_sidebar_layout":"customizer","zakra_remove_content_margin":false,"zakra_sidebar":"customizer","zakra_transparent_header":"customizer","zakra_logo":0,"zakra_main_header_style":"default","zakra_menu_item_color":"","zakra_menu_item_hover_color":"","zakra_menu_item_active_color":"","zakra_menu_active_style":"","zakra_page_header":true,"footnotes":""},"class_list":["post-589","page","type-page","status-publish","hentry"],"_links":{"self":[{"href":"https:\/\/ksu.cz\/zavody\/cp2025\/index.php?rest_route=\/wp\/v2\/pages\/589","targetHints":{"allow":["GET"]}}],"collection":[{"href":"https:\/\/ksu.cz\/zavody\/cp2025\/index.php?rest_route=\/wp\/v2\/pages"}],"about":[{"href":"https:\/\/ksu.cz\/zavody\/cp2025\/index.php?rest_route=\/wp\/v2\/types\/page"}],"author":[{"embeddable":true,"href":"https:\/\/ksu.cz\/zavody\/cp2025\/index.php?rest_route=\/wp\/v2\/users\/1"}],"replies":[{"embeddable":true,"href":"https:\/\/ksu.cz\/zavody\/cp2025\/index.php?rest_route=%2Fwp%2Fv2%2Fcomments&post=589"}],"version-history":[{"count":5,"href":"https:\/\/ksu.cz\/zavody\/cp2025\/index.php?rest_route=\/wp\/v2\/pages\/589\/revisions"}],"predecessor-version":[{"id":655,"href":"https:\/\/ksu.cz\/zavody\/cp2025\/index.php?rest_route=\/wp\/v2\/pages\/589\/revisions\/655"}],"wp:attachment":[{"href":"https:\/\/ksu.cz\/zavody\/cp2025\/index.php?rest_route=%2Fwp%2Fv2%2Fmedia&parent=589"}],"curies":[{"name":"wp","href":"https:\/\/api.w.org\/{rel}","templated":true}]}}