{"id":227,"date":"2023-04-13T10:15:58","date_gmt":"2023-04-13T08:15:58","guid":{"rendered":"https:\/\/ksu.cz\/zavody\/cp2025\/?page_id=227"},"modified":"2023-04-13T10:15:58","modified_gmt":"2023-04-13T08:15:58","slug":"prihlasky","status":"publish","type":"page","link":"https:\/\/ksu.cz\/zavody\/cp2025\/?page_id=227","title":{"rendered":"P\u0159ihl\u00e1\u0161ky"},"content":{"rendered":"","protected":false},"excerpt":{"rendered":"","protected":false},"author":1,"featured_media":0,"parent":0,"menu_order":0,"comment_status":"closed","ping_status":"closed","template":"","meta":{"zakra_page_container_layout":"customizer","zakra_page_sidebar_layout":"customizer","zakra_remove_content_margin":false,"zakra_sidebar":"customizer","zakra_transparent_header":"customizer","zakra_logo":0,"zakra_main_header_style":"default","zakra_menu_item_color":null,"zakra_menu_item_hover_color":"","zakra_menu_item_active_color":"","zakra_menu_active_style":"","zakra_page_header":true,"footnotes":""},"class_list":["post-227","page","type-page","status-publish","hentry"],"_links":{"self":[{"href":"https:\/\/ksu.cz\/zavody\/cp2025\/index.php?rest_route=\/wp\/v2\/pages\/227","targetHints":{"allow":["GET"]}}],"collection":[{"href":"https:\/\/ksu.cz\/zavody\/cp2025\/index.php?rest_route=\/wp\/v2\/pages"}],"about":[{"href":"https:\/\/ksu.cz\/zavody\/cp2025\/index.php?rest_route=\/wp\/v2\/types\/page"}],"author":[{"embeddable":true,"href":"https:\/\/ksu.cz\/zavody\/cp2025\/index.php?rest_route=\/wp\/v2\/users\/1"}],"replies":[{"embeddable":true,"href":"https:\/\/ksu.cz\/zavody\/cp2025\/index.php?rest_route=%2Fwp%2Fv2%2Fcomments&post=227"}],"version-history":[{"count":1,"href":"https:\/\/ksu.cz\/zavody\/cp2025\/index.php?rest_route=\/wp\/v2\/pages\/227\/revisions"}],"predecessor-version":[{"id":228,"href":"https:\/\/ksu.cz\/zavody\/cp2025\/index.php?rest_route=\/wp\/v2\/pages\/227\/revisions\/228"}],"wp:attachment":[{"href":"https:\/\/ksu.cz\/zavody\/cp2025\/index.php?rest_route=%2Fwp%2Fv2%2Fmedia&parent=227"}],"curies":[{"name":"wp","href":"https:\/\/api.w.org\/{rel}","templated":true}]}}