{"id":97,"date":"2023-02-21T08:12:13","date_gmt":"2023-02-21T07:12:13","guid":{"rendered":"https:\/\/ksu.cz\/zavody\/cp2023\/?page_id=97"},"modified":"2023-05-22T21:34:54","modified_gmt":"2023-05-22T19:34:54","slug":"fotky-terenu","status":"publish","type":"page","link":"https:\/\/ksu.cz\/zavody\/cp2023\/?page_id=97","title":{"rendered":"Fotky ze z\u00e1vodn\u00edho prostoru"},"content":{"rendered":"\n<p><a href=\"https:\/\/www.flickr.com\/photos\/148589984@N05\/albums\/72177720307136742\"><\/a><\/p>\n\n\n\n<figure class=\"wp-block-image size-large\"><img loading=\"lazy\" decoding=\"async\" width=\"1024\" height=\"473\" src=\"https:\/\/ksu.cz\/zavody\/cp2023\/wp-content\/uploads\/sites\/2\/2023\/05\/Obrazek-WhatsApp-2023-05-22-v-21.12.30-1024x473.jpg\" alt=\"\" class=\"wp-image-348\" srcset=\"https:\/\/ksu.cz\/zavody\/cp2023\/wp-content\/uploads\/sites\/2\/2023\/05\/Obrazek-WhatsApp-2023-05-22-v-21.12.30-1024x473.jpg 1024w, https:\/\/ksu.cz\/zavody\/cp2023\/wp-content\/uploads\/sites\/2\/2023\/05\/Obrazek-WhatsApp-2023-05-22-v-21.12.30-300x139.jpg 300w, https:\/\/ksu.cz\/zavody\/cp2023\/wp-content\/uploads\/sites\/2\/2023\/05\/Obrazek-WhatsApp-2023-05-22-v-21.12.30-768x355.jpg 768w, https:\/\/ksu.cz\/zavody\/cp2023\/wp-content\/uploads\/sites\/2\/2023\/05\/Obrazek-WhatsApp-2023-05-22-v-21.12.30-1536x710.jpg 1536w, https:\/\/ksu.cz\/zavody\/cp2023\/wp-content\/uploads\/sites\/2\/2023\/05\/Obrazek-WhatsApp-2023-05-22-v-21.12.30.jpg 1592w\" sizes=\"auto, (max-width: 1024px) 100vw, 1024px\" \/><\/figure>\n\n\n\n<figure class=\"wp-block-gallery has-nested-images columns-default is-cropped wp-block-gallery-1 is-layout-flex wp-block-gallery-is-layout-flex\">\n<figure class=\"wp-block-image size-large\"><img loading=\"lazy\" decoding=\"async\" width=\"1024\" height=\"576\" data-id=\"346\" src=\"https:\/\/ksu.cz\/zavody\/cp2023\/wp-content\/uploads\/sites\/2\/2023\/05\/Obrazek-WhatsApp-2023-05-22-v-21.12.29-1024x576.jpg\" alt=\"\" class=\"wp-image-346\" srcset=\"https:\/\/ksu.cz\/zavody\/cp2023\/wp-content\/uploads\/sites\/2\/2023\/05\/Obrazek-WhatsApp-2023-05-22-v-21.12.29-1024x576.jpg 1024w, https:\/\/ksu.cz\/zavody\/cp2023\/wp-content\/uploads\/sites\/2\/2023\/05\/Obrazek-WhatsApp-2023-05-22-v-21.12.29-300x169.jpg 300w, https:\/\/ksu.cz\/zavody\/cp2023\/wp-content\/uploads\/sites\/2\/2023\/05\/Obrazek-WhatsApp-2023-05-22-v-21.12.29-768x432.jpg 768w, https:\/\/ksu.cz\/zavody\/cp2023\/wp-content\/uploads\/sites\/2\/2023\/05\/Obrazek-WhatsApp-2023-05-22-v-21.12.29-1536x864.jpg 1536w, https:\/\/ksu.cz\/zavody\/cp2023\/wp-content\/uploads\/sites\/2\/2023\/05\/Obrazek-WhatsApp-2023-05-22-v-21.12.29.jpg 1600w\" sizes=\"auto, (max-width: 1024px) 100vw, 1024px\" \/><figcaption class=\"wp-element-caption\">centrum z\u00e1vodu<\/figcaption><\/figure>\n\n\n\n<figure class=\"wp-block-image size-large\"><img loading=\"lazy\" decoding=\"async\" width=\"1024\" height=\"576\" data-id=\"347\" src=\"https:\/\/ksu.cz\/zavody\/cp2023\/wp-content\/uploads\/sites\/2\/2023\/05\/err-1024x576.jpg\" alt=\"\" class=\"wp-image-347\" srcset=\"https:\/\/ksu.cz\/zavody\/cp2023\/wp-content\/uploads\/sites\/2\/2023\/05\/err-1024x576.jpg 1024w, https:\/\/ksu.cz\/zavody\/cp2023\/wp-content\/uploads\/sites\/2\/2023\/05\/err-300x169.jpg 300w, https:\/\/ksu.cz\/zavody\/cp2023\/wp-content\/uploads\/sites\/2\/2023\/05\/err-768x432.jpg 768w, https:\/\/ksu.cz\/zavody\/cp2023\/wp-content\/uploads\/sites\/2\/2023\/05\/err-1536x864.jpg 1536w, https:\/\/ksu.cz\/zavody\/cp2023\/wp-content\/uploads\/sites\/2\/2023\/05\/err.jpg 1600w\" sizes=\"auto, (max-width: 1024px) 100vw, 1024px\" \/><\/figure>\n\n\n\n<figure class=\"wp-block-image size-large\"><img loading=\"lazy\" decoding=\"async\" width=\"1000\" height=\"751\" data-id=\"175\" src=\"https:\/\/ksu.cz\/zavody\/cp2023\/wp-content\/uploads\/sites\/2\/2023\/03\/IMG_20221005_125131.jpg\" alt=\"\" class=\"wp-image-175\" srcset=\"https:\/\/ksu.cz\/zavody\/cp2023\/wp-content\/uploads\/sites\/2\/2023\/03\/IMG_20221005_125131.jpg 1000w, https:\/\/ksu.cz\/zavody\/cp2023\/wp-content\/uploads\/sites\/2\/2023\/03\/IMG_20221005_125131-300x225.jpg 300w, https:\/\/ksu.cz\/zavody\/cp2023\/wp-content\/uploads\/sites\/2\/2023\/03\/IMG_20221005_125131-768x577.jpg 768w\" sizes=\"auto, (max-width: 1000px) 100vw, 1000px\" \/><\/figure>\n\n\n\n<figure class=\"wp-block-image size-large\"><img loading=\"lazy\" decoding=\"async\" width=\"1000\" height=\"751\" data-id=\"172\" src=\"https:\/\/ksu.cz\/zavody\/cp2023\/wp-content\/uploads\/sites\/2\/2023\/03\/IMG_20221005_140143.jpg\" alt=\"\" class=\"wp-image-172\" srcset=\"https:\/\/ksu.cz\/zavody\/cp2023\/wp-content\/uploads\/sites\/2\/2023\/03\/IMG_20221005_140143.jpg 1000w, https:\/\/ksu.cz\/zavody\/cp2023\/wp-content\/uploads\/sites\/2\/2023\/03\/IMG_20221005_140143-300x225.jpg 300w, https:\/\/ksu.cz\/zavody\/cp2023\/wp-content\/uploads\/sites\/2\/2023\/03\/IMG_20221005_140143-768x577.jpg 768w\" sizes=\"auto, (max-width: 1000px) 100vw, 1000px\" \/><\/figure>\n\n\n\n<figure class=\"wp-block-image size-large\"><img loading=\"lazy\" decoding=\"async\" width=\"1000\" height=\"751\" data-id=\"174\" src=\"https:\/\/ksu.cz\/zavody\/cp2023\/wp-content\/uploads\/sites\/2\/2023\/03\/IMG_20221108_085444.jpg\" alt=\"\" class=\"wp-image-174\" srcset=\"https:\/\/ksu.cz\/zavody\/cp2023\/wp-content\/uploads\/sites\/2\/2023\/03\/IMG_20221108_085444.jpg 1000w, https:\/\/ksu.cz\/zavody\/cp2023\/wp-content\/uploads\/sites\/2\/2023\/03\/IMG_20221108_085444-300x225.jpg 300w, https:\/\/ksu.cz\/zavody\/cp2023\/wp-content\/uploads\/sites\/2\/2023\/03\/IMG_20221108_085444-768x577.jpg 768w\" sizes=\"auto, (max-width: 1000px) 100vw, 1000px\" \/><\/figure>\n\n\n\n<figure class=\"wp-block-image size-large\"><img loading=\"lazy\" decoding=\"async\" width=\"576\" height=\"1024\" data-id=\"351\" src=\"https:\/\/ksu.cz\/zavody\/cp2023\/wp-content\/uploads\/sites\/2\/2023\/05\/Obrazek-WhatsApp-2023-05-22-v-21.12.30erre-576x1024.jpg\" alt=\"\" class=\"wp-image-351\" srcset=\"https:\/\/ksu.cz\/zavody\/cp2023\/wp-content\/uploads\/sites\/2\/2023\/05\/Obrazek-WhatsApp-2023-05-22-v-21.12.30erre-576x1024.jpg 576w, https:\/\/ksu.cz\/zavody\/cp2023\/wp-content\/uploads\/sites\/2\/2023\/05\/Obrazek-WhatsApp-2023-05-22-v-21.12.30erre-169x300.jpg 169w, https:\/\/ksu.cz\/zavody\/cp2023\/wp-content\/uploads\/sites\/2\/2023\/05\/Obrazek-WhatsApp-2023-05-22-v-21.12.30erre-768x1365.jpg 768w, https:\/\/ksu.cz\/zavody\/cp2023\/wp-content\/uploads\/sites\/2\/2023\/05\/Obrazek-WhatsApp-2023-05-22-v-21.12.30erre-864x1536.jpg 864w, https:\/\/ksu.cz\/zavody\/cp2023\/wp-content\/uploads\/sites\/2\/2023\/05\/Obrazek-WhatsApp-2023-05-22-v-21.12.30erre.jpg 900w\" sizes=\"auto, (max-width: 576px) 100vw, 576px\" \/><\/figure>\n\n\n\n<figure class=\"wp-block-image size-large\"><img loading=\"lazy\" decoding=\"async\" width=\"576\" height=\"1024\" data-id=\"352\" src=\"https:\/\/ksu.cz\/zavody\/cp2023\/wp-content\/uploads\/sites\/2\/2023\/05\/Obrazek-WhatsApp-2023-05-16-v-13.06.04-576x1024.jpg\" alt=\"\" class=\"wp-image-352\" srcset=\"https:\/\/ksu.cz\/zavody\/cp2023\/wp-content\/uploads\/sites\/2\/2023\/05\/Obrazek-WhatsApp-2023-05-16-v-13.06.04-576x1024.jpg 576w, https:\/\/ksu.cz\/zavody\/cp2023\/wp-content\/uploads\/sites\/2\/2023\/05\/Obrazek-WhatsApp-2023-05-16-v-13.06.04-169x300.jpg 169w, https:\/\/ksu.cz\/zavody\/cp2023\/wp-content\/uploads\/sites\/2\/2023\/05\/Obrazek-WhatsApp-2023-05-16-v-13.06.04-768x1365.jpg 768w, https:\/\/ksu.cz\/zavody\/cp2023\/wp-content\/uploads\/sites\/2\/2023\/05\/Obrazek-WhatsApp-2023-05-16-v-13.06.04-864x1536.jpg 864w, https:\/\/ksu.cz\/zavody\/cp2023\/wp-content\/uploads\/sites\/2\/2023\/05\/Obrazek-WhatsApp-2023-05-16-v-13.06.04.jpg 1134w\" sizes=\"auto, (max-width: 576px) 100vw, 576px\" \/><\/figure>\n\n\n\n<figure class=\"wp-block-image size-large\"><img loading=\"lazy\" decoding=\"async\" width=\"576\" height=\"1024\" data-id=\"350\" src=\"https:\/\/ksu.cz\/zavody\/cp2023\/wp-content\/uploads\/sites\/2\/2023\/05\/dff-576x1024.jpg\" alt=\"\" class=\"wp-image-350\" srcset=\"https:\/\/ksu.cz\/zavody\/cp2023\/wp-content\/uploads\/sites\/2\/2023\/05\/dff-576x1024.jpg 576w, https:\/\/ksu.cz\/zavody\/cp2023\/wp-content\/uploads\/sites\/2\/2023\/05\/dff-169x300.jpg 169w, https:\/\/ksu.cz\/zavody\/cp2023\/wp-content\/uploads\/sites\/2\/2023\/05\/dff-768x1365.jpg 768w, https:\/\/ksu.cz\/zavody\/cp2023\/wp-content\/uploads\/sites\/2\/2023\/05\/dff-864x1536.jpg 864w, https:\/\/ksu.cz\/zavody\/cp2023\/wp-content\/uploads\/sites\/2\/2023\/05\/dff.jpg 900w\" sizes=\"auto, (max-width: 576px) 100vw, 576px\" \/><\/figure>\n\n\n\n<figure class=\"wp-block-image size-large\"><img loading=\"lazy\" decoding=\"async\" width=\"1000\" height=\"751\" data-id=\"177\" src=\"https:\/\/ksu.cz\/zavody\/cp2023\/wp-content\/uploads\/sites\/2\/2023\/03\/IMG_20221129_110214.jpg\" alt=\"\" class=\"wp-image-177\" srcset=\"https:\/\/ksu.cz\/zavody\/cp2023\/wp-content\/uploads\/sites\/2\/2023\/03\/IMG_20221129_110214.jpg 1000w, https:\/\/ksu.cz\/zavody\/cp2023\/wp-content\/uploads\/sites\/2\/2023\/03\/IMG_20221129_110214-300x225.jpg 300w, https:\/\/ksu.cz\/zavody\/cp2023\/wp-content\/uploads\/sites\/2\/2023\/03\/IMG_20221129_110214-768x577.jpg 768w\" sizes=\"auto, (max-width: 1000px) 100vw, 1000px\" \/><\/figure>\n\n\n\n<figure class=\"wp-block-image size-large\"><img loading=\"lazy\" decoding=\"async\" width=\"1000\" height=\"751\" data-id=\"173\" src=\"https:\/\/ksu.cz\/zavody\/cp2023\/wp-content\/uploads\/sites\/2\/2023\/03\/IMG_20221205_122654.jpg\" alt=\"\" class=\"wp-image-173\" srcset=\"https:\/\/ksu.cz\/zavody\/cp2023\/wp-content\/uploads\/sites\/2\/2023\/03\/IMG_20221205_122654.jpg 1000w, https:\/\/ksu.cz\/zavody\/cp2023\/wp-content\/uploads\/sites\/2\/2023\/03\/IMG_20221205_122654-300x225.jpg 300w, https:\/\/ksu.cz\/zavody\/cp2023\/wp-content\/uploads\/sites\/2\/2023\/03\/IMG_20221205_122654-768x577.jpg 768w\" sizes=\"auto, (max-width: 1000px) 100vw, 1000px\" \/><\/figure>\n\n\n\n<figure class=\"wp-block-image size-large\"><img loading=\"lazy\" decoding=\"async\" width=\"1000\" height=\"751\" data-id=\"176\" src=\"https:\/\/ksu.cz\/zavody\/cp2023\/wp-content\/uploads\/sites\/2\/2023\/03\/IMG_20221117_130815.jpg\" alt=\"\" class=\"wp-image-176\" srcset=\"https:\/\/ksu.cz\/zavody\/cp2023\/wp-content\/uploads\/sites\/2\/2023\/03\/IMG_20221117_130815.jpg 1000w, https:\/\/ksu.cz\/zavody\/cp2023\/wp-content\/uploads\/sites\/2\/2023\/03\/IMG_20221117_130815-300x225.jpg 300w, https:\/\/ksu.cz\/zavody\/cp2023\/wp-content\/uploads\/sites\/2\/2023\/03\/IMG_20221117_130815-768x577.jpg 768w\" sizes=\"auto, (max-width: 1000px) 100vw, 1000px\" \/><\/figure>\n<\/figure>\n\n\n\n<p>V\u00edce fotek najdete v na\u0161\u00ed galerii na Flickr.com<a href=\"https:\/\/www.flickr.com\/photos\/148589984@N05\/albums\/72177720307136742\"><\/a><\/p>\n\n\n\n<a data-flickr-embed=\"true\" data-header=\"true\" href=\"https:\/\/www.flickr.com\/photos\/148589984@N05\/albums\/72177720307136742\" title=\"\u010cesk\u00fd poh\u00e1r 2023 - P\u0159emyslov -  fotky ter\u00e9nu\"><img loading=\"lazy\" decoding=\"async\" src=\"https:\/\/live.staticflickr.com\/65535\/52783344635_f26d7d15a1_c.jpg\" width=\"800\" height=\"600\" alt=\"\u010cesk\u00fd poh\u00e1r 2023 - P\u0159emyslov - fotky ter\u00e9nu\"><\/a><script async=\"\" src=\"\/\/embedr.flickr.com\/assets\/client-code.js\" charset=\"utf-8\"><\/script>\n","protected":false},"excerpt":{"rendered":"<p>V\u00edce fotek najdete v na\u0161\u00ed galerii na Flickr.com<\/p>\n","protected":false},"author":1,"featured_media":0,"parent":80,"menu_order":0,"comment_status":"closed","ping_status":"closed","template":"","meta":{"zakra_page_container_layout":"customizer","zakra_page_sidebar_layout":"customizer","zakra_remove_content_margin":false,"zakra_sidebar":"customizer","zakra_transparent_header":"customizer","zakra_logo":0,"zakra_main_header_style":"default","zakra_menu_item_color":null,"zakra_menu_item_hover_color":"","zakra_menu_item_active_color":"","zakra_menu_active_style":"","zakra_page_header":true,"footnotes":""},"class_list":["post-97","page","type-page","status-publish","hentry"],"_links":{"self":[{"href":"https:\/\/ksu.cz\/zavody\/cp2023\/index.php?rest_route=\/wp\/v2\/pages\/97","targetHints":{"allow":["GET"]}}],"collection":[{"href":"https:\/\/ksu.cz\/zavody\/cp2023\/index.php?rest_route=\/wp\/v2\/pages"}],"about":[{"href":"https:\/\/ksu.cz\/zavody\/cp2023\/index.php?rest_route=\/wp\/v2\/types\/page"}],"author":[{"embeddable":true,"href":"https:\/\/ksu.cz\/zavody\/cp2023\/index.php?rest_route=\/wp\/v2\/users\/1"}],"replies":[{"embeddable":true,"href":"https:\/\/ksu.cz\/zavody\/cp2023\/index.php?rest_route=%2Fwp%2Fv2%2Fcomments&post=97"}],"version-history":[{"count":13,"href":"https:\/\/ksu.cz\/zavody\/cp2023\/index.php?rest_route=\/wp\/v2\/pages\/97\/revisions"}],"predecessor-version":[{"id":353,"href":"https:\/\/ksu.cz\/zavody\/cp2023\/index.php?rest_route=\/wp\/v2\/pages\/97\/revisions\/353"}],"up":[{"embeddable":true,"href":"https:\/\/ksu.cz\/zavody\/cp2023\/index.php?rest_route=\/wp\/v2\/pages\/80"}],"wp:attachment":[{"href":"https:\/\/ksu.cz\/zavody\/cp2023\/index.php?rest_route=%2Fwp%2Fv2%2Fmedia&parent=97"}],"curies":[{"name":"wp","href":"https:\/\/api.w.org\/{rel}","templated":true}]}}