{"id":95,"date":"2023-02-21T08:11:25","date_gmt":"2023-02-21T07:11:25","guid":{"rendered":"https:\/\/ksu.cz\/zavody\/cp2023\/?page_id=95"},"modified":"2023-05-28T19:27:07","modified_gmt":"2023-05-28T17:27:07","slug":"vysledky-2","status":"publish","type":"page","link":"https:\/\/ksu.cz\/zavody\/cp2023\/?page_id=95","title":{"rendered":"V\u00fdsledky"},"content":{"rendered":"\n<p><a href=\"https:\/\/oris.orientacnisporty.cz\/Vysledky?id=6805\" data-type=\"URL\" data-id=\"https:\/\/oris.orientacnisporty.cz\/Vysledky?id=6805\" target=\"_blank\" rel=\"noreferrer noopener\">V\u00fdsledky sobota, kr\u00e1tk\u00e1 tra\u0165<\/a><\/p>\n\n\n\n<p><a rel=\"noreferrer noopener\" href=\"https:\/\/oris.orientacnisporty.cz\/Vysledky?id=6806\" data-type=\"URL\" data-id=\"https:\/\/oris.orientacnisporty.cz\/Vysledky?id=6806\" target=\"_blank\">V\u00fdsledky ned\u011bla, klasick\u00e1 tra\u0165<\/a><\/p>\n","protected":false},"excerpt":{"rendered":"<p>V\u00fdsledky sobota, kr\u00e1tk\u00e1 tra\u0165 V\u00fdsledky ned\u011bla, klasick\u00e1 tra\u0165<\/p>\n","protected":false},"author":1,"featured_media":0,"parent":82,"menu_order":0,"comment_status":"closed","ping_status":"closed","template":"","meta":{"zakra_page_container_layout":"customizer","zakra_page_sidebar_layout":"customizer","zakra_remove_content_margin":false,"zakra_sidebar":"customizer","zakra_transparent_header":"customizer","zakra_logo":0,"zakra_main_header_style":"default","zakra_menu_item_color":null,"zakra_menu_item_hover_color":"","zakra_menu_item_active_color":"","zakra_menu_active_style":"","zakra_page_header":true,"footnotes":""},"class_list":["post-95","page","type-page","status-publish","hentry"],"_links":{"self":[{"href":"https:\/\/ksu.cz\/zavody\/cp2023\/index.php?rest_route=\/wp\/v2\/pages\/95","targetHints":{"allow":["GET"]}}],"collection":[{"href":"https:\/\/ksu.cz\/zavody\/cp2023\/index.php?rest_route=\/wp\/v2\/pages"}],"about":[{"href":"https:\/\/ksu.cz\/zavody\/cp2023\/index.php?rest_route=\/wp\/v2\/types\/page"}],"author":[{"embeddable":true,"href":"https:\/\/ksu.cz\/zavody\/cp2023\/index.php?rest_route=\/wp\/v2\/users\/1"}],"replies":[{"embeddable":true,"href":"https:\/\/ksu.cz\/zavody\/cp2023\/index.php?rest_route=%2Fwp%2Fv2%2Fcomments&post=95"}],"version-history":[{"count":3,"href":"https:\/\/ksu.cz\/zavody\/cp2023\/index.php?rest_route=\/wp\/v2\/pages\/95\/revisions"}],"predecessor-version":[{"id":456,"href":"https:\/\/ksu.cz\/zavody\/cp2023\/index.php?rest_route=\/wp\/v2\/pages\/95\/revisions\/456"}],"up":[{"embeddable":true,"href":"https:\/\/ksu.cz\/zavody\/cp2023\/index.php?rest_route=\/wp\/v2\/pages\/82"}],"wp:attachment":[{"href":"https:\/\/ksu.cz\/zavody\/cp2023\/index.php?rest_route=%2Fwp%2Fv2%2Fmedia&parent=95"}],"curies":[{"name":"wp","href":"https:\/\/api.w.org\/{rel}","templated":true}]}}