{"id":90,"date":"2023-02-21T08:08:49","date_gmt":"2023-02-21T07:08:49","guid":{"rendered":"https:\/\/ksu.cz\/zavody\/cp2023\/?page_id=90"},"modified":"2023-05-24T18:45:28","modified_gmt":"2023-05-24T16:45:28","slug":"startovky","status":"publish","type":"page","link":"https:\/\/ksu.cz\/zavody\/cp2023\/?page_id=90","title":{"rendered":"Startovky"},"content":{"rendered":"\n<p><strong>Sobota &#8211; kr\u00e1tk\u00e1 tra\u0165<\/strong><\/p>\n\n\n\n<ul class=\"wp-block-list\">\n<li><a href=\"https:\/\/oris.orientacnisporty.cz\/Startovka?id=6805&amp;mode=clubs\" data-type=\"URL\" data-id=\"https:\/\/oris.orientacnisporty.cz\/Startovka?id=6805&amp;mode=clubs\" target=\"_blank\" rel=\"noreferrer noopener\">startovka po klubech<\/a><\/li>\n\n\n\n<li><a href=\"https:\/\/oris.orientacnisporty.cz\/Startovka?id=6805\" data-type=\"URL\" data-id=\"https:\/\/oris.orientacnisporty.cz\/Startovka?id=6805\" target=\"_blank\" rel=\"noreferrer noopener\">startovka po kategori\u00edch<\/a><\/li>\n<\/ul>\n\n\n\n<p><strong>Ned\u011ble &#8211; klasick\u00e1 tra\u0165<\/strong><\/p>\n\n\n\n<ul class=\"wp-block-list\">\n<li><a href=\"https:\/\/oris.orientacnisporty.cz\/Startovka?id=6806&amp;mode=clubs\" data-type=\"URL\" data-id=\"https:\/\/oris.orientacnisporty.cz\/Startovka?id=6806&amp;mode=clubs\" target=\"_blank\" rel=\"noreferrer noopener\">startovka po klubech<\/a><\/li>\n\n\n\n<li><a href=\"https:\/\/oris.orientacnisporty.cz\/Startovka?id=6806\" data-type=\"URL\" data-id=\"https:\/\/oris.orientacnisporty.cz\/Startovka?id=6806\" target=\"_blank\" rel=\"noreferrer noopener\">startovka po kategori\u00edch<\/a><\/li>\n<\/ul>\n","protected":false},"excerpt":{"rendered":"<p>Sobota &#8211; kr\u00e1tk\u00e1 tra\u0165 Ned\u011ble &#8211; klasick\u00e1 tra\u0165<\/p>\n","protected":false},"author":1,"featured_media":0,"parent":80,"menu_order":0,"comment_status":"closed","ping_status":"closed","template":"","meta":{"zakra_page_container_layout":"customizer","zakra_page_sidebar_layout":"customizer","zakra_remove_content_margin":false,"zakra_sidebar":"customizer","zakra_transparent_header":"customizer","zakra_logo":0,"zakra_main_header_style":"default","zakra_menu_item_color":null,"zakra_menu_item_hover_color":"","zakra_menu_item_active_color":"","zakra_menu_active_style":"","zakra_page_header":true,"footnotes":""},"class_list":["post-90","page","type-page","status-publish","hentry"],"_links":{"self":[{"href":"https:\/\/ksu.cz\/zavody\/cp2023\/index.php?rest_route=\/wp\/v2\/pages\/90","targetHints":{"allow":["GET"]}}],"collection":[{"href":"https:\/\/ksu.cz\/zavody\/cp2023\/index.php?rest_route=\/wp\/v2\/pages"}],"about":[{"href":"https:\/\/ksu.cz\/zavody\/cp2023\/index.php?rest_route=\/wp\/v2\/types\/page"}],"author":[{"embeddable":true,"href":"https:\/\/ksu.cz\/zavody\/cp2023\/index.php?rest_route=\/wp\/v2\/users\/1"}],"replies":[{"embeddable":true,"href":"https:\/\/ksu.cz\/zavody\/cp2023\/index.php?rest_route=%2Fwp%2Fv2%2Fcomments&post=90"}],"version-history":[{"count":3,"href":"https:\/\/ksu.cz\/zavody\/cp2023\/index.php?rest_route=\/wp\/v2\/pages\/90\/revisions"}],"predecessor-version":[{"id":390,"href":"https:\/\/ksu.cz\/zavody\/cp2023\/index.php?rest_route=\/wp\/v2\/pages\/90\/revisions\/390"}],"up":[{"embeddable":true,"href":"https:\/\/ksu.cz\/zavody\/cp2023\/index.php?rest_route=\/wp\/v2\/pages\/80"}],"wp:attachment":[{"href":"https:\/\/ksu.cz\/zavody\/cp2023\/index.php?rest_route=%2Fwp%2Fv2%2Fmedia&parent=90"}],"curies":[{"name":"wp","href":"https:\/\/api.w.org\/{rel}","templated":true}]}}