{"id":467,"date":"2023-05-29T06:35:20","date_gmt":"2023-05-29T04:35:20","guid":{"rendered":"https:\/\/ksu.cz\/zavody\/cp2023\/?page_id=467"},"modified":"2023-05-29T06:35:21","modified_gmt":"2023-05-29T04:35:21","slug":"zapomenute-veci","status":"publish","type":"page","link":"https:\/\/ksu.cz\/zavody\/cp2023\/?page_id=467","title":{"rendered":"Zapomenut\u00e9 v\u011bci"},"content":{"rendered":"\n<p>Zapomenut\u00e9 v\u011bci budou k vyzvednut\u00ed na <a rel=\"noreferrer noopener\" href=\"https:\/\/klasika2023.zabiny.club\/\" data-type=\"URL\" data-id=\"https:\/\/klasika2023.zabiny.club\/\" target=\"_blank\">Mistrovstv\u00ed \u010cR na klasick\u00e9 trati<\/a> v Neslov\u00edc\u00edch, v p\u0159\u00edpad\u011b Han\u00e1ck\u00e9 oblasti u\u017e v sobotu na <a rel=\"noreferrer noopener\" href=\"https:\/\/oris.orientacnisporty.cz\/Zavod?id=7610\" data-type=\"URL\" data-id=\"https:\/\/oris.orientacnisporty.cz\/Zavod?id=7610\" target=\"_blank\">oblastn\u00edm z\u00e1vod\u011b<\/a> po\u0159\u00e1dan\u00e9m UOL ve Velk\u00e9m \u00dajezdu.<\/p>\n\n\n\n<figure class=\"wp-block-image size-full\"><img loading=\"lazy\" decoding=\"async\" width=\"709\" height=\"400\" src=\"https:\/\/ksu.cz\/zavody\/cp2023\/wp-content\/uploads\/sites\/2\/2023\/05\/IMG_20230528_184746.jpg\" alt=\"\" class=\"wp-image-468\" srcset=\"https:\/\/ksu.cz\/zavody\/cp2023\/wp-content\/uploads\/sites\/2\/2023\/05\/IMG_20230528_184746.jpg 709w, https:\/\/ksu.cz\/zavody\/cp2023\/wp-content\/uploads\/sites\/2\/2023\/05\/IMG_20230528_184746-300x169.jpg 300w\" sizes=\"auto, (max-width: 709px) 100vw, 709px\" \/><\/figure>\n\n\n\n<figure class=\"wp-block-image size-full\"><img loading=\"lazy\" decoding=\"async\" width=\"709\" height=\"400\" src=\"https:\/\/ksu.cz\/zavody\/cp2023\/wp-content\/uploads\/sites\/2\/2023\/05\/IMG_20230528_184746-1.jpg\" alt=\"\" class=\"wp-image-469\" srcset=\"https:\/\/ksu.cz\/zavody\/cp2023\/wp-content\/uploads\/sites\/2\/2023\/05\/IMG_20230528_184746-1.jpg 709w, https:\/\/ksu.cz\/zavody\/cp2023\/wp-content\/uploads\/sites\/2\/2023\/05\/IMG_20230528_184746-1-300x169.jpg 300w\" sizes=\"auto, (max-width: 709px) 100vw, 709px\" \/><\/figure>\n\n\n\n<figure class=\"wp-block-image size-full is-resized\"><img loading=\"lazy\" decoding=\"async\" src=\"https:\/\/ksu.cz\/zavody\/cp2023\/wp-content\/uploads\/sites\/2\/2023\/05\/IMG_20230528_184753.jpg\" alt=\"\" class=\"wp-image-470\" width=\"712\" height=\"401\" srcset=\"https:\/\/ksu.cz\/zavody\/cp2023\/wp-content\/uploads\/sites\/2\/2023\/05\/IMG_20230528_184753.jpg 800w, https:\/\/ksu.cz\/zavody\/cp2023\/wp-content\/uploads\/sites\/2\/2023\/05\/IMG_20230528_184753-300x169.jpg 300w, https:\/\/ksu.cz\/zavody\/cp2023\/wp-content\/uploads\/sites\/2\/2023\/05\/IMG_20230528_184753-768x433.jpg 768w\" sizes=\"auto, (max-width: 712px) 100vw, 712px\" \/><\/figure>\n","protected":false},"excerpt":{"rendered":"<p>Zapomenut\u00e9 v\u011bci budou k vyzvednut\u00ed na Mistrovstv\u00ed \u010cR na klasick\u00e9 trati v Neslov\u00edc\u00edch, v p\u0159\u00edpad\u011b Han\u00e1ck\u00e9 oblasti u\u017e v sobotu na oblastn\u00edm z\u00e1vod\u011b po\u0159\u00e1dan\u00e9m UOL ve Velk\u00e9m \u00dajezdu.<\/p>\n","protected":false},"author":1,"featured_media":0,"parent":0,"menu_order":0,"comment_status":"closed","ping_status":"closed","template":"","meta":{"zakra_page_container_layout":"customizer","zakra_page_sidebar_layout":"customizer","zakra_remove_content_margin":false,"zakra_sidebar":"customizer","zakra_transparent_header":"customizer","zakra_logo":0,"zakra_main_header_style":"default","zakra_menu_item_color":null,"zakra_menu_item_hover_color":"","zakra_menu_item_active_color":"","zakra_menu_active_style":"","zakra_page_header":true,"footnotes":""},"class_list":["post-467","page","type-page","status-publish","hentry"],"_links":{"self":[{"href":"https:\/\/ksu.cz\/zavody\/cp2023\/index.php?rest_route=\/wp\/v2\/pages\/467","targetHints":{"allow":["GET"]}}],"collection":[{"href":"https:\/\/ksu.cz\/zavody\/cp2023\/index.php?rest_route=\/wp\/v2\/pages"}],"about":[{"href":"https:\/\/ksu.cz\/zavody\/cp2023\/index.php?rest_route=\/wp\/v2\/types\/page"}],"author":[{"embeddable":true,"href":"https:\/\/ksu.cz\/zavody\/cp2023\/index.php?rest_route=\/wp\/v2\/users\/1"}],"replies":[{"embeddable":true,"href":"https:\/\/ksu.cz\/zavody\/cp2023\/index.php?rest_route=%2Fwp%2Fv2%2Fcomments&post=467"}],"version-history":[{"count":1,"href":"https:\/\/ksu.cz\/zavody\/cp2023\/index.php?rest_route=\/wp\/v2\/pages\/467\/revisions"}],"predecessor-version":[{"id":471,"href":"https:\/\/ksu.cz\/zavody\/cp2023\/index.php?rest_route=\/wp\/v2\/pages\/467\/revisions\/471"}],"wp:attachment":[{"href":"https:\/\/ksu.cz\/zavody\/cp2023\/index.php?rest_route=%2Fwp%2Fv2%2Fmedia&parent=467"}],"curies":[{"name":"wp","href":"https:\/\/api.w.org\/{rel}","templated":true}]}}