{"id":461,"date":"2023-05-28T23:14:23","date_gmt":"2023-05-28T21:14:23","guid":{"rendered":"https:\/\/ksu.cz\/zavody\/cp2023\/?page_id=461"},"modified":"2023-05-28T23:14:24","modified_gmt":"2023-05-28T21:14:24","slug":"gps-zaznamy","status":"publish","type":"page","link":"https:\/\/ksu.cz\/zavody\/cp2023\/?page_id=461","title":{"rendered":"GPS z\u00e1znamy"},"content":{"rendered":"\n<div class=\"wp-block-columns is-layout-flex wp-container-core-columns-is-layout-28f84493 wp-block-columns-is-layout-flex\">\n<div class=\"wp-block-column is-layout-flow wp-block-column-is-layout-flow\">\n<p><strong>Sobota, kr\u00e1tk\u00e1 tra\u0165<\/strong><\/p>\n\n\n\n<ul class=\"wp-block-list\">\n<li><a href=\"http:\/\/www.tulospalvelu.fi\/gps\/20230527D18\/\" data-type=\"URL\" data-id=\"http:\/\/www.tulospalvelu.fi\/gps\/20230527D18\/\" target=\"_blank\" rel=\"noreferrer noopener\">D18A<\/a><\/li>\n\n\n\n<li><a href=\"http:\/\/www.tulospalvelu.fi\/gps\/20230527D20\/\" data-type=\"URL\" data-id=\"http:\/\/www.tulospalvelu.fi\/gps\/20230527D20\/\" target=\"_blank\" rel=\"noreferrer noopener\">D20A<\/a><\/li>\n\n\n\n<li><a href=\"http:\/\/www.tulospalvelu.fi\/gps\/20230527D21E\/\" data-type=\"URL\" data-id=\"http:\/\/www.tulospalvelu.fi\/gps\/20230527D21E\/\" target=\"_blank\" rel=\"noreferrer noopener\">D21E<\/a><\/li>\n\n\n\n<li><a href=\"http:\/\/www.tulospalvelu.fi\/gps\/20230527H18\/\" data-type=\"URL\" data-id=\"http:\/\/www.tulospalvelu.fi\/gps\/20230527H18\/\" target=\"_blank\" rel=\"noreferrer noopener\">H18A<\/a><\/li>\n\n\n\n<li><a href=\"http:\/\/www.tulospalvelu.fi\/gps\/20230527H20\/\" data-type=\"URL\" data-id=\"http:\/\/www.tulospalvelu.fi\/gps\/20230527H20\/\" target=\"_blank\" rel=\"noreferrer noopener\">H20A<\/a><\/li>\n\n\n\n<li><a href=\"http:\/\/www.tulospalvelu.fi\/gps\/20230527H21E\/\" data-type=\"URL\" data-id=\"http:\/\/www.tulospalvelu.fi\/gps\/20230527H21E\/\" target=\"_blank\" rel=\"noreferrer noopener\">H21E<\/a><\/li>\n<\/ul>\n<\/div>\n\n\n\n<div class=\"wp-block-column is-layout-flow wp-block-column-is-layout-flow\">\n<p><strong>Ned\u011ble, klasick\u00e1 tra\u0165<\/strong><\/p>\n\n\n\n<ul class=\"wp-block-list\">\n<li><a href=\"http:\/\/www.tulospalvelu.fi\/gps\/20230528D18\/\" data-type=\"URL\" data-id=\"http:\/\/www.tulospalvelu.fi\/gps\/20230528D18\/\" target=\"_blank\" rel=\"noreferrer noopener\">D18A<\/a><\/li>\n\n\n\n<li><a href=\"http:\/\/www.tulospalvelu.fi\/gps\/20230528D20\/\" data-type=\"URL\" data-id=\"http:\/\/www.tulospalvelu.fi\/gps\/20230528D20\/\" target=\"_blank\" rel=\"noreferrer noopener\">D20A<\/a><\/li>\n\n\n\n<li><a href=\"http:\/\/www.tulospalvelu.fi\/gps\/20230528D21E\/\" data-type=\"URL\" data-id=\"http:\/\/www.tulospalvelu.fi\/gps\/20230528D21E\/\" target=\"_blank\" rel=\"noreferrer noopener\">D21E<\/a><\/li>\n\n\n\n<li><a href=\"http:\/\/www.tulospalvelu.fi\/gps\/20230528H18\/\" data-type=\"URL\" data-id=\"http:\/\/www.tulospalvelu.fi\/gps\/20230528H18\/\" target=\"_blank\" rel=\"noreferrer noopener\">H18A<\/a><\/li>\n\n\n\n<li><a href=\"http:\/\/www.tulospalvelu.fi\/gps\/20230528H20\/\" data-type=\"URL\" data-id=\"http:\/\/www.tulospalvelu.fi\/gps\/20230528H20\/\" target=\"_blank\" rel=\"noreferrer noopener\">H20A<\/a><\/li>\n\n\n\n<li><a href=\"http:\/\/www.tulospalvelu.fi\/gps\/20230528H21E\/\" data-type=\"URL\" data-id=\"http:\/\/www.tulospalvelu.fi\/gps\/20230528H21E\/\" target=\"_blank\" rel=\"noreferrer noopener\">H21E<\/a><\/li>\n<\/ul>\n<\/div>\n<\/div>\n","protected":false},"excerpt":{"rendered":"<p>Sobota, kr\u00e1tk\u00e1 tra\u0165 Ned\u011ble, klasick\u00e1 tra\u0165<\/p>\n","protected":false},"author":1,"featured_media":0,"parent":0,"menu_order":0,"comment_status":"closed","ping_status":"closed","template":"","meta":{"zakra_page_container_layout":"customizer","zakra_page_sidebar_layout":"customizer","zakra_remove_content_margin":false,"zakra_sidebar":"customizer","zakra_transparent_header":"customizer","zakra_logo":0,"zakra_main_header_style":"default","zakra_menu_item_color":null,"zakra_menu_item_hover_color":"","zakra_menu_item_active_color":"","zakra_menu_active_style":"","zakra_page_header":true,"footnotes":""},"class_list":["post-461","page","type-page","status-publish","hentry"],"_links":{"self":[{"href":"https:\/\/ksu.cz\/zavody\/cp2023\/index.php?rest_route=\/wp\/v2\/pages\/461","targetHints":{"allow":["GET"]}}],"collection":[{"href":"https:\/\/ksu.cz\/zavody\/cp2023\/index.php?rest_route=\/wp\/v2\/pages"}],"about":[{"href":"https:\/\/ksu.cz\/zavody\/cp2023\/index.php?rest_route=\/wp\/v2\/types\/page"}],"author":[{"embeddable":true,"href":"https:\/\/ksu.cz\/zavody\/cp2023\/index.php?rest_route=\/wp\/v2\/users\/1"}],"replies":[{"embeddable":true,"href":"https:\/\/ksu.cz\/zavody\/cp2023\/index.php?rest_route=%2Fwp%2Fv2%2Fcomments&post=461"}],"version-history":[{"count":1,"href":"https:\/\/ksu.cz\/zavody\/cp2023\/index.php?rest_route=\/wp\/v2\/pages\/461\/revisions"}],"predecessor-version":[{"id":462,"href":"https:\/\/ksu.cz\/zavody\/cp2023\/index.php?rest_route=\/wp\/v2\/pages\/461\/revisions\/462"}],"wp:attachment":[{"href":"https:\/\/ksu.cz\/zavody\/cp2023\/index.php?rest_route=%2Fwp%2Fv2%2Fmedia&parent=461"}],"curies":[{"name":"wp","href":"https:\/\/api.w.org\/{rel}","templated":true}]}}